{"id":26,"date":"2023-06-12T08:38:21","date_gmt":"2023-06-12T06:38:21","guid":{"rendered":"https:\/\/rubentoja.es\/?page_id=26"},"modified":"2026-02-12T20:04:58","modified_gmt":"2026-02-12T19:04:58","slug":"contact","status":"publish","type":"page","link":"https:\/\/dobico.es\/en\/contacto\/","title":{"rendered":"Contact"},"content":{"rendered":"\t\t<div data-elementor-type=\"wp-page\" data-elementor-id=\"26\" class=\"elementor elementor-26\" data-elementor-post-type=\"page\">\n\t\t\t\t<div class=\"elementor-element elementor-element-3f36223 e-flex e-con-boxed e-con e-parent\" data-id=\"3f36223\" data-element_type=\"container\" data-e-type=\"container\" data-settings=\"{&quot;background_background&quot;:&quot;classic&quot;}\">\n\t\t\t\t\t<div class=\"e-con-inner\">\n\t\t<div class=\"elementor-element elementor-element-7124f76 e-con-full e-flex e-con e-child\" data-id=\"7124f76\" data-element_type=\"container\" data-e-type=\"container\" data-settings=\"{&quot;background_background&quot;:&quot;classic&quot;}\">\n\t\t<div class=\"elementor-element elementor-element-ee99fd6 e-con-full e-flex e-con e-child\" data-id=\"ee99fd6\" data-element_type=\"container\" data-e-type=\"container\">\n\t\t\t\t<div class=\"elementor-element elementor-element-ab4349c elementor-widget elementor-widget-heading\" data-id=\"ab4349c\" data-element_type=\"widget\" data-e-type=\"widget\" data-widget_type=\"heading.default\">\n\t\t\t\t\t<h3 class=\"elementor-heading-title elementor-size-default\">Taberna Do Bico<\/h3>\t\t\t\t<\/div>\n\t\t\t\t<div class=\"elementor-element elementor-element-f74dae5 elementor-widget elementor-widget-text-editor\" data-id=\"f74dae5\" data-element_type=\"widget\" data-e-type=\"widget\" data-widget_type=\"text-editor.default\">\n\t\t\t\t\t\t\t\t\t<p>R\u00faa Alcalde Noguera Pati\u00f1o, 22, 15123 Camari\u00f1as, A Coru\u00f1a<\/p>\t\t\t\t\t\t\t\t<\/div>\n\t\t\t\t<div class=\"elementor-element elementor-element-1221909 elementor-widget elementor-widget-text-editor\" data-id=\"1221909\" data-element_type=\"widget\" data-e-type=\"widget\" data-widget_type=\"text-editor.default\">\n\t\t\t\t\t\t\t\t\t<p><a href=\"mailto:taberna@dobico.es\">taberna@dobico.es<\/a><br \/><a href=\"tel:+34981737247\">+34 981 73 72 47<\/a><\/p>\t\t\t\t\t\t\t\t<\/div>\n\t\t\t\t<div class=\"elementor-element elementor-element-ee7cfa1 elementor-widget-divider--view-line elementor-widget elementor-widget-divider\" data-id=\"ee7cfa1\" data-element_type=\"widget\" data-e-type=\"widget\" data-widget_type=\"divider.default\">\n\t\t\t\t\t\t\t<div class=\"elementor-divider\">\n\t\t\t<span class=\"elementor-divider-separator\">\n\t\t\t\t\t\t<\/span>\n\t\t<\/div>\n\t\t\t\t\t\t<\/div>\n\t\t\t\t<\/div>\n\t\t<div class=\"elementor-element elementor-element-3743a19 e-con-full e-flex e-con e-child\" data-id=\"3743a19\" data-element_type=\"container\" data-e-type=\"container\">\n\t\t\t\t<div class=\"elementor-element elementor-element-ffe848c elementor-widget elementor-widget-heading\" data-id=\"ffe848c\" data-element_type=\"widget\" data-e-type=\"widget\" data-widget_type=\"heading.default\">\n\t\t\t\t\t<h3 class=\"elementor-heading-title elementor-size-default\">Agocho do Bico<\/h3>\t\t\t\t<\/div>\n\t\t\t\t<div class=\"elementor-element elementor-element-eb85c7b elementor-widget elementor-widget-text-editor\" data-id=\"eb85c7b\" data-element_type=\"widget\" data-e-type=\"widget\" data-widget_type=\"text-editor.default\">\n\t\t\t\t\t\t\t\t\t<p>Praza de Col\u00f3n, 5, 15123 Camari\u00f1as, A Coru\u00f1a<\/p>\t\t\t\t\t\t\t\t<\/div>\n\t\t\t\t<div class=\"elementor-element elementor-element-b495b87 elementor-widget elementor-widget-text-editor\" data-id=\"b495b87\" data-element_type=\"widget\" data-e-type=\"widget\" data-widget_type=\"text-editor.default\">\n\t\t\t\t\t\t\t\t\t<p><a href=\"mailto:agocho@dobico.es\">agocho@dobico.es<\/a><br \/><a href=\"tel:+34604008039\">+34 604 00 80 39<\/a><\/p>\t\t\t\t\t\t\t\t<\/div>\n\t\t\t\t<div class=\"elementor-element elementor-element-0b62697 elementor-widget-divider--view-line elementor-widget elementor-widget-divider\" data-id=\"0b62697\" data-element_type=\"widget\" data-e-type=\"widget\" data-widget_type=\"divider.default\">\n\t\t\t\t\t\t\t<div class=\"elementor-divider\">\n\t\t\t<span class=\"elementor-divider-separator\">\n\t\t\t\t\t\t<\/span>\n\t\t<\/div>\n\t\t\t\t\t\t<\/div>\n\t\t\t\t<\/div>\n\t\t<div class=\"elementor-element elementor-element-16254ed e-con-full e-flex e-con e-child\" data-id=\"16254ed\" data-element_type=\"container\" data-e-type=\"container\">\n\t\t\t\t<div class=\"elementor-element elementor-element-bf2f10a elementor-widget elementor-widget-heading\" data-id=\"bf2f10a\" data-element_type=\"widget\" data-e-type=\"widget\" data-widget_type=\"heading.default\">\n\t\t\t\t\t<h3 class=\"elementor-heading-title elementor-size-default\">Do Bico Rooms<\/h3>\t\t\t\t<\/div>\n\t\t\t\t<div class=\"elementor-element elementor-element-d7ba169 elementor-widget elementor-widget-text-editor\" data-id=\"d7ba169\" data-element_type=\"widget\" data-e-type=\"widget\" data-widget_type=\"text-editor.default\">\n\t\t\t\t\t\t\t\t\t<p>Praza de Col\u00f3n, 5, 15123 Camari\u00f1as, A Coru\u00f1a<\/p>\t\t\t\t\t\t\t\t<\/div>\n\t\t\t\t<div class=\"elementor-element elementor-element-b9926f3 elementor-widget elementor-widget-text-editor\" data-id=\"b9926f3\" data-element_type=\"widget\" data-e-type=\"widget\" data-widget_type=\"text-editor.default\">\n\t\t\t\t\t\t\t\t\t<p><a href=\"mailto:rooms@dobico.es\">rooms@dobico.es<\/a><br \/><a href=\"tel:+34604008039\">+34 604 00 80 39<\/a><\/p>\t\t\t\t\t\t\t\t<\/div>\n\t\t\t\t<\/div>\n\t\t\t\t<\/div>\n\t\t<div class=\"elementor-element elementor-element-b093bf1 e-con-full e-flex e-con e-child\" data-id=\"b093bf1\" data-element_type=\"container\" data-e-type=\"container\">\n\t\t\t\t<div class=\"elementor-element elementor-element-46b5fe5 elementor-widget elementor-widget-premium-addon-maps\" data-id=\"46b5fe5\" data-element_type=\"widget\" data-e-type=\"widget\" data-widget_type=\"premium-addon-maps.default\">\n\t\t\t\t\t\n\t<div class=\"premium-maps-container\" id=\"premium-maps-container\">\n\n\t\t\n\t\t\t<div class=\"premium_maps_map_height premium-addons__v-hidden\" data-settings=\"{&quot;mapId&quot;:&quot;&quot;,&quot;maptype&quot;:&quot;hybrid&quot;,&quot;streetViewControl&quot;:false,&quot;centerlat&quot;:&quot;43.1305138&quot;,&quot;centerlong&quot;:&quot;-9.1828065&quot;,&quot;scrollwheel&quot;:false,&quot;fullScreen&quot;:false,&quot;zoomControl&quot;:false,&quot;typeControl&quot;:false,&quot;automaticOpen&quot;:false,&quot;hoverOpen&quot;:false,&quot;hoverClose&quot;:false,&quot;cluster&quot;:false,&quot;cluster_icon&quot;:&quot;&quot;,&quot;cluster_icon_size&quot;:&quot;&quot;,&quot;drag&quot;:&quot;yes&quot;,&quot;loadScroll&quot;:&quot;&quot;,&quot;linkedCarouselId&quot;:&quot;&quot;}\" data-style=\"\">\n\t\t\t\t\n\t\t\t<div class=\"premium-pin elementor-invisible\" data-lng=\"-9.1841486\" data-lat=\"43.1267989\" data-icon=\"\" data-icon-size=\"\" data-max-width=\"1000\" data-activated=\"\">\n\t\t\t\t\t\t\t\t\t<div class=\"premium-maps-info-container advanced-pin maps-skin1\">\n\n\t\t\t\t\t\t<div class='premium-maps-info-close'>\n\t\t\t\t\t\t\t<i class='eicon-close' aria-hidden='true'><\/i>\n\t\t\t\t\t\t<\/div>\n\n\t\t\t\t\t\t\n\t\t\t\t\t\t<div class='premium-maps-info-img'>\n\t\t\t\t\t\t\t<img src='https:\/\/dobico.es\/wp-content\/uploads\/Vistas-Taberna-do-Bico.jpg' alt='Vistas Taberna do Bico'>\n\t\t\t\t\t\t<\/div>\n\n\n\t\t\t\t\t\t<div class='premium-maps-title-wrap'>\n\t\t\t\t\t\t\t<p class='premium-maps-info-title'>Taberna do Bico<\/p>\n\n\t\t\t\t\t\t\t\t\t\t\t\t\t\t\t\t\t\t\t\t\t\t\t<div class='premium-maps-location-directions'>\n\t\t\t\t\t\t\t\t\t\t\t\t\t\t\t\t\t<a class='premium-maps-location-direction' title='Directions' ref='nofollow' target='_blank' href='https:\/\/www.google.com\/maps\/dir\/?api=1&#038;destination=43.1267989,-9.1841486'>\n\t\t\t\t\t\t\t\t\t\t<i class='eicon-share-arrow' aria-hidden='true'><\/i>\n\t\t\t\t\t\t\t\t\t\t<span>Get Directions<\/span>\n\t\t\t\t\t\t\t\t\t<\/a>\n\t\t\t\t\t\t\t\t\t\t\t\t\t\t\t\t<\/div>\n\t\t\t\t\t\t\t\t\t\t\t\t\t\t\t\n\t\t\t\t\t\t<\/div>\n\n\t\t\t\t\t\t\n\t\t\t\t\t\t<div class='premium-maps-location-info'>\n\n\t\t\t\t\t\t\t\t\t\t\t\t\t\t\t<div class='premium-maps-info-location maps-info-item'>\n\t\t\t\t\t\t\t\t\t<i class='eicon-map-pin' aria-hidden='true'><\/i>\n\t\t\t\t\t\t\t\t\t<p>R\u00faa Alcalde Noguera Pati\u00f1o, 22, 15123 Camari\u00f1as, A Coru\u00f1a  <\/p>\n\t\t\t\t\t\t\t\t<\/div>\n\t\t\t\t\t\t\t\n\t\t\t\t\t\t\t\n\t\t\t\t\t\t\t\t\t\t\t\t\t\t\t<div class='premium-maps-info-number maps-info-item'>\n\t\t\t\t\t\t\t\t\t<i class='eicon-headphones' aria-hidden='true'><\/i>\n\t\t\t\t\t\t\t\t\t<p>\n\t\t\t\t\t\t\t\t\t\t<a href='tel:+34 981 73 72 47' target='_blank' rel='nofollow'>\n\t\t\t\t\t\t\t\t\t\t\t+34 981 73 72 47\t\t\t\t\t\t\t\t\t\t<\/a>\n\t\t\t\t\t\t\t\t\t<\/p>\n\t\t\t\t\t\t\t\t<\/div>\n\t\t\t\t\t\t\t\n\t\t\t\t\t\t\t\n\t\t\t\t\t\t\t<div class='premium-maps-info-desc'>\n\t\t\t\t\t\t\t\t<p>Para chatear los mejores vinos de bodegas independientes de Galicia con tapas del d\u00eda<\/p>\t\t\t\t\t\t\t<\/div>\n\n\t\t\t\t\t\t\t\n\t\t\t\t\t\t<\/div>\n\n\t\t\t\t\t<\/div>\n\t\t\t\t\t\t\t<\/div>\n\n\t\t\n\t\t\t\t\t\n\t\t\t<div class=\"premium-pin elementor-invisible\" data-lng=\"-9.182288\" data-lat=\"43.130122\" data-icon=\"\" data-icon-size=\"\" data-max-width=\"1000\" data-activated=\"\">\n\t\t\t\t\t\t\t\t\t<div class=\"premium-maps-info-container advanced-pin maps-skin1\">\n\n\t\t\t\t\t\t<div class='premium-maps-info-close'>\n\t\t\t\t\t\t\t<i class='eicon-close' aria-hidden='true'><\/i>\n\t\t\t\t\t\t<\/div>\n\n\t\t\t\t\t\t\n\t\t\t\t\t\t<div class='premium-maps-info-img'>\n\t\t\t\t\t\t\t<img src='https:\/\/dobico.es\/wp-content\/uploads\/Fachada-Do-Bico-00005.jpg' alt='Fachada Do Bico'>\n\t\t\t\t\t\t<\/div>\n\n\n\t\t\t\t\t\t<div class='premium-maps-title-wrap'>\n\t\t\t\t\t\t\t<p class='premium-maps-info-title'>Agocho do Bico<\/p>\n\n\t\t\t\t\t\t\t\t\t\t\t\t\t\t\t\t\t\t\t\t\t\t\t<div class='premium-maps-location-directions'>\n\t\t\t\t\t\t\t\t\t\t\t\t\t\t\t\t\t<a class='premium-maps-location-direction' title='Directions' ref='nofollow' target='_blank' href='https:\/\/www.google.com\/maps\/dir\/?api=1&#038;destination=43.130122,-9.182288'>\n\t\t\t\t\t\t\t\t\t\t<i class='eicon-share-arrow' aria-hidden='true'><\/i>\n\t\t\t\t\t\t\t\t\t\t<span>Get Directions<\/span>\n\t\t\t\t\t\t\t\t\t<\/a>\n\t\t\t\t\t\t\t\t\t\t\t\t\t\t\t\t<\/div>\n\t\t\t\t\t\t\t\t\t\t\t\t\t\t\t\n\t\t\t\t\t\t<\/div>\n\n\t\t\t\t\t\t\n\t\t\t\t\t\t<div class='premium-maps-location-info'>\n\n\t\t\t\t\t\t\t\t\t\t\t\t\t\t\t<div class='premium-maps-info-location maps-info-item'>\n\t\t\t\t\t\t\t\t\t<i class='eicon-map-pin' aria-hidden='true'><\/i>\n\t\t\t\t\t\t\t\t\t<p>Praza de Col\u00f3n N\u00ba5<\/p>\n\t\t\t\t\t\t\t\t<\/div>\n\t\t\t\t\t\t\t\n\t\t\t\t\t\t\t\n\t\t\t\t\t\t\t\t\t\t\t\t\t\t\t<div class='premium-maps-info-number maps-info-item'>\n\t\t\t\t\t\t\t\t\t<i class='eicon-headphones' aria-hidden='true'><\/i>\n\t\t\t\t\t\t\t\t\t<p>\n\t\t\t\t\t\t\t\t\t\t<a href='tel:+34 604 00 80 39' target='_blank' rel='nofollow'>\n\t\t\t\t\t\t\t\t\t\t\t+34 604 00 80 39\t\t\t\t\t\t\t\t\t\t<\/a>\n\t\t\t\t\t\t\t\t\t<\/p>\n\t\t\t\t\t\t\t\t<\/div>\n\t\t\t\t\t\t\t\n\t\t\t\t\t\t\t\n\t\t\t\t\t\t\t<div class='premium-maps-info-desc'>\n\t\t\t\t\t\t\t\t<p>Un lugar para degustar los mejores platos de temporada de mariscos y pescados de la Costa da Morte<\/p>\t\t\t\t\t\t\t<\/div>\n\n\t\t\t\t\t\t\t\n\t\t\t\t\t\t<\/div>\n\n\t\t\t\t\t<\/div>\n\t\t\t\t\t\t\t<\/div>\n\n\t\t\n\t\t\t\t\t\n\t\t\t<div class=\"premium-pin elementor-invisible\" data-lng=\"-9.182175\" data-lat=\"43.130338\" data-icon=\"\" data-icon-size=\"\" data-max-width=\"1000\" data-activated=\"\">\n\t\t\t\t\t\t\t\t\t<div class=\"premium-maps-info-container advanced-pin maps-skin1\">\n\n\t\t\t\t\t\t<div class='premium-maps-info-close'>\n\t\t\t\t\t\t\t<i class='eicon-close' aria-hidden='true'><\/i>\n\t\t\t\t\t\t<\/div>\n\n\t\t\t\t\t\t\n\t\t\t\t\t\t<div class='premium-maps-info-img'>\n\t\t\t\t\t\t\t<img src='https:\/\/dobico.es\/wp-content\/uploads\/Habitacion-Mar-ao-Norde-00001.jpg' alt='Habitacio\u0301n Mar ao Norde'>\n\t\t\t\t\t\t<\/div>\n\n\n\t\t\t\t\t\t<div class='premium-maps-title-wrap'>\n\t\t\t\t\t\t\t<p class='premium-maps-info-title'>Do Bico Rooms<\/p>\n\n\t\t\t\t\t\t\t\t\t\t\t\t\t\t\t\t\t\t\t\t\t\t\t<div class='premium-maps-location-directions'>\n\t\t\t\t\t\t\t\t\t\t\t\t\t\t\t\t\t<a class='premium-maps-location-direction' title='Directions' ref='nofollow' target='_blank' href='https:\/\/www.google.com\/maps\/dir\/?api=1&#038;destination=43.130338,-9.182175'>\n\t\t\t\t\t\t\t\t\t\t<i class='eicon-share-arrow' aria-hidden='true'><\/i>\n\t\t\t\t\t\t\t\t\t\t<span>Get Directions<\/span>\n\t\t\t\t\t\t\t\t\t<\/a>\n\t\t\t\t\t\t\t\t\t\t\t\t\t\t\t\t<\/div>\n\t\t\t\t\t\t\t\t\t\t\t\t\t\t\t\n\t\t\t\t\t\t<\/div>\n\n\t\t\t\t\t\t\n\t\t\t\t\t\t<div class='premium-maps-location-info'>\n\n\t\t\t\t\t\t\t\t\t\t\t\t\t\t\t<div class='premium-maps-info-location maps-info-item'>\n\t\t\t\t\t\t\t\t\t<i class='eicon-map-pin' aria-hidden='true'><\/i>\n\t\t\t\t\t\t\t\t\t<p>Praza de Col\u00f3n N\u00ba5<\/p>\n\t\t\t\t\t\t\t\t<\/div>\n\t\t\t\t\t\t\t\n\t\t\t\t\t\t\t\n\t\t\t\t\t\t\t\t\t\t\t\t\t\t\t<div class='premium-maps-info-number maps-info-item'>\n\t\t\t\t\t\t\t\t\t<i class='eicon-headphones' aria-hidden='true'><\/i>\n\t\t\t\t\t\t\t\t\t<p>\n\t\t\t\t\t\t\t\t\t\t<a href='tel: +34 604 00 80 39' target='_blank' rel='nofollow'>\n\t\t\t\t\t\t\t\t\t\t\t +34 604 00 80 39\t\t\t\t\t\t\t\t\t\t<\/a>\n\t\t\t\t\t\t\t\t\t<\/p>\n\t\t\t\t\t\t\t\t<\/div>\n\t\t\t\t\t\t\t\n\t\t\t\t\t\t\t\n\t\t\t\t\t\t\t<div class='premium-maps-info-desc'>\n\t\t\t\t\t\t\t\t<p>Encima del restaurante, un lugar para descansar con vistas al puerto de Camari\u00f1as<\/p>\t\t\t\t\t\t\t<\/div>\n\n\t\t\t\t\t\t\t\n\t\t\t\t\t\t<\/div>\n\n\t\t\t\t\t<\/div>\n\t\t\t\t\t\t\t<\/div>\n\n\t\t\n\t\t\t\t\t\n\t\t\t<\/div>\n\n\t\t\n\t<\/div>\n\n\t\t\t\t\t\t<\/div>\n\t\t\t\t<\/div>\n\t\t\t\t\t<\/div>\n\t\t\t\t<\/div>\n\t\t<div class=\"elementor-element elementor-element-971ba86 e-flex e-con-boxed e-con e-parent\" data-id=\"971ba86\" data-element_type=\"container\" data-e-type=\"container\">\n\t\t\t\t\t<div class=\"e-con-inner\">\n\t\t\t\t<div class=\"elementor-element elementor-element-ce857c0 premium-header-block premium-header-inline premium-lq__none premium-box-lq__none elementor-widget elementor-widget-premium-addon-dual-header\" data-id=\"ce857c0\" data-element_type=\"widget\" data-e-type=\"widget\" data-widget_type=\"premium-addon-dual-header.default\">\n\t\t\t\t\t\n\t\t<div class=\"elementor-widget-container\">\n\t\t<div class=\"premium-dual-header-wrapper\">\n\t\t\t\t\t<h2 class=\"premium-dual-header-first-header \"><span class=\"premium-dual-header-first-span\">Escr\u00edbenos un <\/span><span class=\"premium-dual-header-second-header \">Mensaje<\/span><\/h2> \t\t\t\t\t\t<\/div>\n\t\t<\/div>\n\n\t\t\t\t\t\t<\/div>\n\t\t\t\t\t<\/div>\n\t\t\t\t<\/div>\n\t\t<div class=\"elementor-element elementor-element-c40f5a0 e-flex e-con-boxed e-con e-parent\" data-id=\"c40f5a0\" data-element_type=\"container\" data-e-type=\"container\">\n\t\t\t\t\t<div class=\"e-con-inner\">\n\t\t\t\t<div class=\"elementor-element elementor-element-b7d043a elementor-widget__width-inherit elementor-button-align-stretch elementor-widget elementor-widget-form\" data-id=\"b7d043a\" data-element_type=\"widget\" data-e-type=\"widget\" data-settings=\"{&quot;step_next_label&quot;:&quot;Next&quot;,&quot;step_previous_label&quot;:&quot;Previous&quot;,&quot;button_width&quot;:&quot;100&quot;,&quot;step_type&quot;:&quot;number_text&quot;,&quot;step_icon_shape&quot;:&quot;circle&quot;}\" data-widget_type=\"form.default\">\n\t\t\t\t\t\t\t<form class=\"elementor-form\" method=\"post\" name=\"Formulario contacto\" aria-label=\"Formulario contacto\">\n\t\t\t<input type=\"hidden\" name=\"post_id\" value=\"26\"\/>\n\t\t\t<input type=\"hidden\" name=\"form_id\" value=\"b7d043a\"\/>\n\t\t\t<input type=\"hidden\" name=\"referer_title\" value=\"Contacto\" \/>\n\n\t\t\t\t\t\t\t<input type=\"hidden\" name=\"queried_id\" value=\"26\"\/>\n\t\t\t\n\t\t\t<div class=\"elementor-form-fields-wrapper elementor-labels-\">\n\t\t\t\t\t\t\t\t<div class=\"elementor-field-type-text elementor-field-group elementor-column elementor-field-group-name elementor-col-100 elementor-field-required\">\n\t\t\t\t\t\t\t\t\t\t\t\t<label for=\"form-field-name\" class=\"elementor-field-label elementor-screen-only\">\n\t\t\t\t\t\t\t\tNombre y apellidos\t\t\t\t\t\t\t<\/label>\n\t\t\t\t\t\t\t\t\t\t\t\t\t\t<input size=\"1\" type=\"text\" name=\"form_fields[name]\" id=\"form-field-name\" class=\"elementor-field elementor-size-sm  elementor-field-textual\" placeholder=\"Nombre y apellidos\" required=\"required\">\n\t\t\t\t\t\t\t\t\t\t\t<\/div>\n\t\t\t\t\t\t\t\t<div class=\"elementor-field-type-email elementor-field-group elementor-column elementor-field-group-email elementor-col-50 elementor-field-required\">\n\t\t\t\t\t\t\t\t\t\t\t\t<label for=\"form-field-email\" class=\"elementor-field-label elementor-screen-only\">\n\t\t\t\t\t\t\t\tEmail\t\t\t\t\t\t\t<\/label>\n\t\t\t\t\t\t\t\t\t\t\t\t\t\t<input size=\"1\" type=\"email\" name=\"form_fields[email]\" id=\"form-field-email\" class=\"elementor-field elementor-size-sm  elementor-field-textual\" placeholder=\"Email\" required=\"required\">\n\t\t\t\t\t\t\t\t\t\t\t<\/div>\n\t\t\t\t\t\t\t\t<div class=\"elementor-field-type-text elementor-field-group elementor-column elementor-field-group-field_865cee7 elementor-col-50 elementor-field-required\">\n\t\t\t\t\t\t\t\t\t\t\t\t<label for=\"form-field-field_865cee7\" class=\"elementor-field-label elementor-screen-only\">\n\t\t\t\t\t\t\t\tTel\u00e9fono\t\t\t\t\t\t\t<\/label>\n\t\t\t\t\t\t\t\t\t\t\t\t\t\t<input size=\"1\" type=\"text\" name=\"form_fields[field_865cee7]\" id=\"form-field-field_865cee7\" class=\"elementor-field elementor-size-sm  elementor-field-textual\" placeholder=\"Tel\u00e9fono\" required=\"required\">\n\t\t\t\t\t\t\t\t\t\t\t<\/div>\n\t\t\t\t\t\t\t\t<div class=\"elementor-field-type-text elementor-field-group elementor-column elementor-field-group-field_00f3bb9 elementor-col-100\">\n\t\t\t\t\t\t\t\t\t\t\t\t<label for=\"form-field-field_00f3bb9\" class=\"elementor-field-label elementor-screen-only\">\n\t\t\t\t\t\t\t\tAsunto\t\t\t\t\t\t\t<\/label>\n\t\t\t\t\t\t\t\t\t\t\t\t\t\t<input size=\"1\" type=\"text\" name=\"form_fields[field_00f3bb9]\" id=\"form-field-field_00f3bb9\" class=\"elementor-field elementor-size-sm  elementor-field-textual\" placeholder=\"Asunto\">\n\t\t\t\t\t\t\t\t\t\t\t<\/div>\n\t\t\t\t\t\t\t\t<div class=\"elementor-field-type-textarea elementor-field-group elementor-column elementor-field-group-message elementor-col-100\">\n\t\t\t\t\t\t\t\t\t\t\t\t<label for=\"form-field-message\" class=\"elementor-field-label elementor-screen-only\">\n\t\t\t\t\t\t\t\tMensaje\t\t\t\t\t\t\t<\/label>\n\t\t\t\t\t\t<textarea class=\"elementor-field-textual elementor-field  elementor-size-sm\" name=\"form_fields[message]\" id=\"form-field-message\" rows=\"4\" placeholder=\"Mensaje\"><\/textarea>\t\t\t\t<\/div>\n\t\t\t\t\t\t\t\t<div class=\"elementor-field-type-acceptance elementor-field-group elementor-column elementor-field-group-field_669b7cf elementor-col-100 elementor-field-required\">\n\t\t\t\t\t\t\t\t\t\t\t\t<label for=\"form-field-field_669b7cf\" class=\"elementor-field-label elementor-screen-only\">\n\t\t\t\t\t\t\t\tRGPD\t\t\t\t\t\t\t<\/label>\n\t\t\t\t\t\t\t\t<div class=\"elementor-field-subgroup\">\n\t\t\t<span class=\"elementor-field-option\">\n\t\t\t\t<input type=\"checkbox\" name=\"form_fields[field_669b7cf]\" id=\"form-field-field_669b7cf\" class=\"elementor-field elementor-size-sm  elementor-acceptance-field\" required=\"required\">\n\t\t\t\t<label for=\"form-field-field_669b7cf\">Acepto la pol\u00edtica de privacidad de la empresa<\/label>\t\t\t<\/span>\n\t\t<\/div>\n\t\t\t\t\t\t<\/div>\n\t\t\t\t\t\t\t\t<div class=\"elementor-field-group elementor-column elementor-field-type-submit elementor-col-100 e-form__buttons\">\n\t\t\t\t\t<button class=\"elementor-button elementor-size-sm\" type=\"submit\">\n\t\t\t\t\t\t<span class=\"elementor-button-content-wrapper\">\n\t\t\t\t\t\t\t\t\t\t\t\t\t\t\t\t\t\t\t\t\t\t<span class=\"elementor-button-text\">Enviar consulta<\/span>\n\t\t\t\t\t\t\t\t\t\t\t\t\t<\/span>\n\t\t\t\t\t<\/button>\n\t\t\t\t<\/div>\n\t\t\t<\/div>\n\t\t<\/form>\n\t\t\t\t\t\t<\/div>\n\t\t\t\t\t<\/div>\n\t\t\t\t<\/div>\n\t\t\t\t<\/div>\n\t\t","protected":false},"excerpt":{"rendered":"<p>Contact Do Bico<\/p>","protected":false},"author":5,"featured_media":2247,"parent":0,"menu_order":0,"comment_status":"closed","ping_status":"closed","template":"","meta":{"slim_seo":{"title":"Contact Do Bico","description":"If you&#039;d like to get in touch, this is the perfect place. Our contact page provides all the details you need to get in touch with Taberna do Bico, Agocho do Bico, and Do Bico Rooms."},"footnotes":""},"class_list":["post-26","page","type-page","status-publish","has-post-thumbnail","hentry"],"_links":{"self":[{"href":"https:\/\/dobico.es\/en\/wp-json\/wp\/v2\/pages\/26","targetHints":{"allow":["GET"]}}],"collection":[{"href":"https:\/\/dobico.es\/en\/wp-json\/wp\/v2\/pages"}],"about":[{"href":"https:\/\/dobico.es\/en\/wp-json\/wp\/v2\/types\/page"}],"author":[{"embeddable":true,"href":"https:\/\/dobico.es\/en\/wp-json\/wp\/v2\/users\/5"}],"replies":[{"embeddable":true,"href":"https:\/\/dobico.es\/en\/wp-json\/wp\/v2\/comments?post=26"}],"version-history":[{"count":5,"href":"https:\/\/dobico.es\/en\/wp-json\/wp\/v2\/pages\/26\/revisions"}],"predecessor-version":[{"id":2635,"href":"https:\/\/dobico.es\/en\/wp-json\/wp\/v2\/pages\/26\/revisions\/2635"}],"wp:featuredmedia":[{"embeddable":true,"href":"https:\/\/dobico.es\/en\/wp-json\/wp\/v2\/media\/2247"}],"wp:attachment":[{"href":"https:\/\/dobico.es\/en\/wp-json\/wp\/v2\/media?parent=26"}],"curies":[{"name":"wp","href":"https:\/\/api.w.org\/{rel}","templated":true}]}}