{"id":1172,"date":"2024-12-14T10:25:12","date_gmt":"2024-12-14T09:25:12","guid":{"rendered":"https:\/\/exciting-goldberg.213-199-36-195.plesk.page\/?page_id=1172"},"modified":"2026-02-03T13:22:48","modified_gmt":"2026-02-03T12:22:48","slug":"reservations-pour-aout","status":"publish","type":"page","link":"https:\/\/dobico.es\/fr\/reservas-agocho\/","title":{"rendered":"R\u00e9servations Agocho do Bico"},"content":{"rendered":"<div data-elementor-type=\"wp-page\" data-elementor-id=\"1172\" class=\"elementor elementor-1172\" data-elementor-post-type=\"page\">\n\t\t\t\t<div class=\"elementor-element elementor-element-147dde6 e-flex e-con-boxed e-con e-parent\" data-id=\"147dde6\" data-element_type=\"container\" data-e-type=\"container\">\n\t\t\t\t\t<div class=\"e-con-inner\">\n\t\t<div class=\"elementor-element elementor-element-94d44bf e-con-full e-flex e-con e-child\" data-id=\"94d44bf\" data-element_type=\"container\" data-e-type=\"container\">\n\t\t\t\t<div class=\"elementor-element elementor-element-74dd200 elementor-widget elementor-widget-html\" data-id=\"74dd200\" data-element_type=\"widget\" data-e-type=\"widget\" data-widget_type=\"html.default\">\n\t\t\t\t\t<script type=\"text\/javascript\"\n                                                                                        src=\"https:\/\/www.covermanager.com\/js\/iframeResizer.min.js\"><\/script><iframe\n                                                            id=\"restaurante-taberna-dobico\" title=\"R\u00e9servations\"\n                                                            src=\"https:\/\/www.covermanager.com\/reserve\/module_restaurant\/restaurante-taberna-dobico\/spanish\"\n                                                            allow=\"payment\" frameborder=\"0\" height=\"550\" width=\"100%\" onload=\"iFrameResize();\"><\/iframe>\t\t\t\t<\/div>\n\t\t\t\t<\/div>\n\t\t\t\t\t<\/div>\n\t\t\t\t<\/div>\n\t\t\t\t<\/div>","protected":false},"excerpt":{"rendered":"<p>Votre table vous attend, c'est le moment.<\/p>","protected":false},"author":5,"featured_media":1642,"parent":0,"menu_order":0,"comment_status":"closed","ping_status":"closed","template":"","meta":{"slim_seo":{"title":"R\u00e9servez une exp\u00e9rience \u00e0 Agocho do Bico","description":"R\u00e9servez votre exp\u00e9rience gastronomique \u00e0 Agocho do Bico, Camari\u00f1as. Savourez des produits frais, des viandes galiciennes et des saveurs uniques dans une ambiance particuli\u00e8re."},"footnotes":""},"class_list":["post-1172","page","type-page","status-publish","has-post-thumbnail","hentry"],"_links":{"self":[{"href":"https:\/\/dobico.es\/fr\/wp-json\/wp\/v2\/pages\/1172","targetHints":{"allow":["GET"]}}],"collection":[{"href":"https:\/\/dobico.es\/fr\/wp-json\/wp\/v2\/pages"}],"about":[{"href":"https:\/\/dobico.es\/fr\/wp-json\/wp\/v2\/types\/page"}],"author":[{"embeddable":true,"href":"https:\/\/dobico.es\/fr\/wp-json\/wp\/v2\/users\/5"}],"replies":[{"embeddable":true,"href":"https:\/\/dobico.es\/fr\/wp-json\/wp\/v2\/comments?post=1172"}],"version-history":[{"count":5,"href":"https:\/\/dobico.es\/fr\/wp-json\/wp\/v2\/pages\/1172\/revisions"}],"predecessor-version":[{"id":2187,"href":"https:\/\/dobico.es\/fr\/wp-json\/wp\/v2\/pages\/1172\/revisions\/2187"}],"wp:featuredmedia":[{"embeddable":true,"href":"https:\/\/dobico.es\/fr\/wp-json\/wp\/v2\/media\/1642"}],"wp:attachment":[{"href":"https:\/\/dobico.es\/fr\/wp-json\/wp\/v2\/media?parent=1172"}],"curies":[{"name":"wp","href":"https:\/\/api.w.org\/{rel}","templated":true}]}}