{"id":12,"date":"2023-06-12T08:30:15","date_gmt":"2023-06-12T06:30:15","guid":{"rendered":"https:\/\/rubentoja.es\/aviso-legal\/"},"modified":"2026-02-20T07:03:31","modified_gmt":"2026-02-20T06:03:31","slug":"avis-juridique","status":"publish","type":"page","link":"https:\/\/dobico.es\/fr\/aviso-legal\/","title":{"rendered":"Avis juridique"},"content":{"rendered":"<h3 class=\"wp-block-heading\">1. Informations d&#039;identification du propri\u00e9taire<\/h3>\n\n\n\n<p>Conform\u00e9ment \u00e0 l&#039;obligation d&#039;information pr\u00e9vue par la r\u00e9glementation en vigueur, veuillez noter que le site web <strong>dobico.es<\/strong> (ci-apr\u00e8s, \u201c le Site Web \u201d) appartient \u00e0 :<\/p>\n\n\n\n<p><strong>Taberna do Bico, SL.<\/strong><br>CIF\u00a0: <strong>B70729025<\/strong><br>Si\u00e8ge social : <strong>Calle Cant\u00f3n de la Le\u00f1a 15, 15123 Camari\u00f1as, La Corogne (Espagne)<\/strong><\/p>\n\n\n\n<p>(ci-apr\u00e8s, \u201c la Soci\u00e9t\u00e9 \u201d).<\/p>\n\n\n\n<h3 class=\"wp-block-heading\">2. Objectif du site web<\/h3>\n\n\n\n<p>L&#039;objectif de ce site web est de fournir des informations sur les diff\u00e9rents services et espaces de <strong>Do Bico<\/strong> (Taberna do Bico, O Agocho do Bico et Do Bico Rooms), ainsi que pour faciliter le contact avec la Soci\u00e9t\u00e9 et, le cas \u00e9ch\u00e9ant, l&#039;acc\u00e8s aux syst\u00e8mes de r\u00e9servation externes int\u00e9gr\u00e9s ou li\u00e9s au Site Web lui-m\u00eame.<\/p>\n\n\n\n<p>L\u2019acc\u00e8s et\/ou l\u2019utilisation de dobico.es conf\u00e8rent le statut d\u2019utilisateur, qui accepte, de ce fait, les conditions refl\u00e9t\u00e9es dans les pr\u00e9sentes.<\/p>\n\n\n\n<h3 class=\"wp-block-heading\">3. Conditions d&#039;utilisation<\/h3>\n\n\n\n<p>L\u2019utilisateur s\u2019engage \u00e0 faire un usage appropri\u00e9 du site web et du contenu qui y est propos\u00e9, conform\u00e9ment \u00e0 la loi, \u00e0 la bonne foi, \u00e0 l\u2019ordre public, aux usages de la circulation et aux pr\u00e9sentes mentions l\u00e9gales.<\/p>\n\n\n\n<p>Les \u00e9l\u00e9ments suivants sont interdits, notamment\u00a0:<\/p>\n\n\n\n<ul class=\"wp-block-list\">\n<li>Utiliser le contenu \u00e0 des fins ill\u00e9gales ou contraires \u00e0 la bonne foi et \u00e0 l&#039;ordre public.<\/li>\n\n\n\n<li>Diffuser des contenus ou de la propagande \u00e0 caract\u00e8re raciste, x\u00e9nophobe, discriminatoire, pornographique, qui glorifient le terrorisme ou qui violent les droits de l&#039;homme.<\/li>\n\n\n\n<li>Endommager les syst\u00e8mes physiques ou logiques du site Web, de ses fournisseurs ou de tiers.<\/li>\n\n\n\n<li>Tenter d&#039;acc\u00e9der aux comptes d&#039;autres utilisateurs et, le cas \u00e9ch\u00e9ant, de les utiliser ou de modifier\/manipuler leurs messages.<\/li>\n<\/ul>\n\n\n\n<p>La soci\u00e9t\u00e9 se r\u00e9serve le droit de supprimer tout commentaire ou contribution qui viole le respect de la dignit\u00e9 humaine, est discriminatoire, x\u00e9nophobe, raciste, pornographique, nuisible \u00e0 la jeunesse ou aux enfants, ou qui menace l&#039;ordre ou la s\u00e9curit\u00e9 publics, ou qui, \u00e0 son avis, ne convient pas \u00e0 la publication.<\/p>\n\n\n\n<h3 class=\"wp-block-heading\">4. Propri\u00e9t\u00e9 intellectuelle et industrielle<\/h3>\n\n\n\n<p>L&#039;ensemble du contenu du site Web (y compris, mais sans s&#039;y limiter, les textes, photographies, images, logos, marques de commerce, conception graphique, code source, logiciels, etc.) est la propri\u00e9t\u00e9 de la Soci\u00e9t\u00e9 ou de tiers qui en ont autoris\u00e9 l&#039;utilisation, et est prot\u00e9g\u00e9 par les r\u00e9glementations en mati\u00e8re de propri\u00e9t\u00e9 intellectuelle et industrielle.<\/p>\n\n\n\n<p>L\u2019acc\u00e8s et la navigation de l\u2019utilisateur sur le site Web ne sauraient en aucun cas \u00eatre interpr\u00e9t\u00e9s comme une renonciation, un transfert, une licence ou une cession, en tout ou en partie, desdits droits par la Soci\u00e9t\u00e9.<\/p>\n\n\n\n<p>Toute reproduction, distribution, communication publique, transformation ou toute autre forme d&#039;exploitation de tout ou partie du contenu du site Web est express\u00e9ment interdite sans l&#039;autorisation pr\u00e9alable et expresse de la Soci\u00e9t\u00e9.<\/p>\n\n\n\n<h3 class=\"wp-block-heading\">5. Responsabilit\u00e9<\/h3>\n\n\n\n<p>La Soci\u00e9t\u00e9 ne garantit pas l\u2019absence d\u2019erreurs d\u2019acc\u00e8s au Site Web ou \u00e0 son contenu, bien qu\u2019elle mette en \u0153uvre les moyens n\u00e9cessaires pour les \u00e9viter et, le cas \u00e9ch\u00e9ant, les corriger ou les mettre \u00e0 jour.<\/p>\n\n\n\n<p>L\u2019acc\u00e8s au site Web n\u00e9cessite des services et des fournitures de tiers (tels que des fournisseurs d\u2019h\u00e9bergement, de t\u00e9l\u00e9communications, etc.), de sorte que la Soci\u00e9t\u00e9 ne peut \u00eatre tenue responsable des dommages ou pertes r\u00e9sultant d\u2019interruptions de service, de pannes de r\u00e9seau ou d\u2019autres probl\u00e8mes caus\u00e9s par ces tiers.<\/p>\n\n\n\n<p>De plus, la Soci\u00e9t\u00e9 n&#039;est pas responsable des dommages ou pertes pouvant r\u00e9sulter de\u00a0:<\/p>\n\n\n\n<ul class=\"wp-block-list\">\n<li>Interf\u00e9rences, omissions, interruptions, virus informatiques, pannes et\/ou d\u00e9connexions dans le fonctionnement op\u00e9rationnel du syst\u00e8me \u00e9lectronique.<\/li>\n\n\n\n<li>Retards ou blocages dans l&#039;utilisation du site Web caus\u00e9s par des d\u00e9faillances ou des surcharges des lignes de t\u00e9l\u00e9communications ou d&#039;Internet.<\/li>\n\n\n\n<li>intrusions ill\u00e9gales commises par des tiers.<\/li>\n<\/ul>\n\n\n\n<h3 class=\"wp-block-heading\">6. Liens vers des sites tiers<\/h3>\n\n\n\n<p>Le site Web peut contenir des liens ou des int\u00e9grations vers des sites Web tiers (par exemple, des syst\u00e8mes de r\u00e9servation externes). La Soci\u00e9t\u00e9 d\u00e9cline toute responsabilit\u00e9 quant au contenu, aux services, aux produits ou \u00e0 tout autre \u00e9l\u00e9ment pouvant figurer sur ces sites Web externes.<\/p>\n\n\n\n<p>L\u2019existence de ces liens n\u2019implique aucune relation, approbation ou caution de la part de la Soci\u00e9t\u00e9.<\/p>\n\n\n\n<h3 class=\"wp-block-heading\">7. Modifications de la mention l\u00e9gale<\/h3>\n\n\n\n<p>La Soci\u00e9t\u00e9 se r\u00e9serve le droit de modifier, \u00e0 tout moment et sans pr\u00e9avis, le contenu des pr\u00e9sentes mentions l\u00e9gales, ainsi que les conditions d&#039;utilisation pouvant figurer sur le Site Web.<\/p>\n\n\n\n<p>Ces modifications seront applicables d\u00e8s leur publication sur le site web\u00a0; il est donc conseill\u00e9 \u00e0 l\u2019utilisateur de consulter r\u00e9guli\u00e8rement le contenu des mentions l\u00e9gales.<\/p>\n\n\n\n<h3 class=\"wp-block-heading\">8. Droit applicable et juridiction comp\u00e9tente<\/h3>\n\n\n\n<p>Les relations entre la Soci\u00e9t\u00e9 et l&#039;utilisateur sont r\u00e9gies par la l\u00e9gislation espagnole en vigueur. Pour toute question relative \u00e0 l&#039;interpr\u00e9tation et \u00e0 l&#039;application des pr\u00e9sentes mentions l\u00e9gales, les deux parties se soumettent, renon\u00e7ant express\u00e9ment \u00e0 toute autre juridiction, aux tribunaux de [Ville\/R\u00e9gion]. <strong>La Corogne<\/strong>, \u00e0 moins que la r\u00e9glementation relative \u00e0 la protection des consommateurs et des utilisateurs n&#039;\u00e9tablisse une autre juridiction obligatoire.<\/p>","protected":false},"excerpt":{"rendered":"<p>1. Datos identificativos del titular En cumplimiento con el deber de informaci\u00f3n recogido en la normativa vigente, se informa que el sitio web dobico.es (en adelante, \u201cel Sitio Web\u201d) es titularidad de: Taberna do Bico, S.L.CIF: B70729025Domicilio social: Calle Cant\u00f3n de la Le\u00f1a 15, 15123 Camari\u00f1as, A Coru\u00f1a (Espa\u00f1a) (en adelante, \u201cla Empresa\u201d). 2. Objeto [&hellip;]<\/p>\n","protected":false},"author":5,"featured_media":2247,"parent":0,"menu_order":0,"comment_status":"closed","ping_status":"closed","template":"","meta":{"slim_seo":{"title":"Aviso Legal - Do Bico","description":"1. Informations d&#039;identification du propri\u00e9taire Conform\u00e9ment \u00e0 l&#039;obligation d&#039;information pr\u00e9vue par la r\u00e9glementation en vigueur, il est port\u00e9 \u00e0 votre connaissance que le site web dobico.es (en anglais) est un site web appartenant \u00e0 une soci\u00e9t\u00e9 de gestion collective des donn\u00e9es de l&#039;entreprise."},"footnotes":""},"class_list":["post-12","page","type-page","status-publish","has-post-thumbnail","hentry"],"_links":{"self":[{"href":"https:\/\/dobico.es\/fr\/wp-json\/wp\/v2\/pages\/12","targetHints":{"allow":["GET"]}}],"collection":[{"href":"https:\/\/dobico.es\/fr\/wp-json\/wp\/v2\/pages"}],"about":[{"href":"https:\/\/dobico.es\/fr\/wp-json\/wp\/v2\/types\/page"}],"author":[{"embeddable":true,"href":"https:\/\/dobico.es\/fr\/wp-json\/wp\/v2\/users\/5"}],"replies":[{"embeddable":true,"href":"https:\/\/dobico.es\/fr\/wp-json\/wp\/v2\/comments?post=12"}],"version-history":[{"count":2,"href":"https:\/\/dobico.es\/fr\/wp-json\/wp\/v2\/pages\/12\/revisions"}],"predecessor-version":[{"id":2392,"href":"https:\/\/dobico.es\/fr\/wp-json\/wp\/v2\/pages\/12\/revisions\/2392"}],"wp:featuredmedia":[{"embeddable":true,"href":"https:\/\/dobico.es\/fr\/wp-json\/wp\/v2\/media\/2247"}],"wp:attachment":[{"href":"https:\/\/dobico.es\/fr\/wp-json\/wp\/v2\/media?parent=12"}],"curies":[{"name":"wp","href":"https:\/\/api.w.org\/{rel}","templated":true}]}}