{"id":13,"date":"2023-06-12T08:30:15","date_gmt":"2023-06-12T06:30:15","guid":{"rendered":"https:\/\/rubentoja.es\/politica-de-privacidad\/"},"modified":"2026-02-20T07:04:56","modified_gmt":"2026-02-20T06:04:56","slug":"politique-de-confidentialite","status":"publish","type":"page","link":"https:\/\/dobico.es\/fr\/politica-de-privacidad\/","title":{"rendered":"Politique de confidentialit\u00e9"},"content":{"rendered":"<h3 class=\"wp-block-heading\">1. Identit\u00e9 du responsable du traitement des donn\u00e9es<\/h3>\n\n\n\n<p>Conform\u00e9ment aux dispositions du R\u00e8glement (UE) 2016\/679 (RGPD) et de la Loi organique 3\/2018 (LOPDGDD), nous vous informons que les donn\u00e9es personnelles collect\u00e9es via ce site web sont trait\u00e9es par\u00a0:<\/p>\n\n\n\n<p><strong>Taberna do Bico, SL.<\/strong><br>CIF\u00a0: <strong>B70729025<\/strong><br>Si\u00e8ge social : <strong>Calle Cant\u00f3n de la Le\u00f1a 15, 15123 Camari\u00f1as, La Corogne (Espagne)<\/strong><br>(ci-apr\u00e8s d\u00e9nomm\u00e9e \u201c Do Bico \u201d ou \u201c la Soci\u00e9t\u00e9 \u201d).<\/p>\n\n\n\n<h3 class=\"wp-block-heading\">2. Donn\u00e9es personnelles que nous pouvons traiter<\/h3>\n\n\n\n<p>Les donn\u00e9es que nous pouvons traiter via dobico.es proviennent de\u00a0:<\/p>\n\n\n\n<ul class=\"wp-block-list\">\n<li>Formulaires de contact ou de demande d&#039;informations.<\/li>\n\n\n\n<li>Formulaires ou liens relatifs aux r\u00e9servations (restaurant ou h\u00e9bergement), que ce soit via nos propres syst\u00e8mes ou des plateformes tierces int\u00e9gr\u00e9es ou li\u00e9es au site web.<\/li>\n\n\n\n<li>Les communications sont envoy\u00e9es directement par courriel ou par d&#039;autres moyens de contact indiqu\u00e9s sur le site Web.<\/li>\n<\/ul>\n\n\n\n<p>Selon les cas, les donn\u00e9es peuvent inclure\u00a0:<\/p>\n\n\n\n<ul class=\"wp-block-list\">\n<li>Informations d&#039;identification : nom, pr\u00e9nom.<\/li>\n\n\n\n<li>Coordonn\u00e9es : t\u00e9l\u00e9phone, courriel.<\/li>\n\n\n\n<li>Informations relatives \u00e0 la r\u00e9servation ou \u00e0 la demande\u00a0: date, nombre de personnes, dur\u00e9e du s\u00e9jour, commentaires, pr\u00e9f\u00e9rences, etc.<\/li>\n\n\n\n<li>Donn\u00e9es de navigation (sous forme anonymis\u00e9e ou pseudonymis\u00e9e)\u00a0: adresse IP, identifiants de l\u2019appareil, cookies ou technologies similaires, comme indiqu\u00e9 dans la politique relative aux cookies correspondante.<\/li>\n<\/ul>\n\n\n\n<p>En aucun cas des donn\u00e9es \u00e0 caract\u00e8re particulier ne seront demand\u00e9es ou trait\u00e9es par le biais de ce site web (sauf si, exceptionnellement, l&#039;utilisateur les fournit volontairement dans des commentaires ou des champs ouverts ; dans ce cas, elles seront trait\u00e9es uniquement \u00e0 des fins de communication et selon le principe de minimisation).<\/p>\n\n\n\n<h3 class=\"wp-block-heading\">3. Finalit\u00e9s du traitement<\/h3>\n\n\n\n<p>Les donn\u00e9es personnelles peuvent \u00eatre trait\u00e9es aux fins suivantes\u00a0:<\/p>\n\n\n\n<ol class=\"wp-block-list\">\n<li><strong>Gestion des demandes de renseignements et d&#039;informations\u00a0:<\/strong><br>Pour r\u00e9pondre aux demandes de renseignements, requ\u00eates, suggestions ou incidents que l&#039;utilisateur soumet via les formulaires ou les m\u00e9thodes de contact du site web.<\/li>\n\n\n\n<li><strong>Gestion des r\u00e9servations :<\/strong><br>Traiter et g\u00e9rer les r\u00e9servations li\u00e9es \u00e0 <strong>Restaurant O Agocho do Bico<\/strong> je <strong>Do Bico Rooms<\/strong>, qu\u2019elles soient r\u00e9alis\u00e9es directement ou canalis\u00e9es par le biais de plateformes externes int\u00e9gr\u00e9es ou li\u00e9es.<\/li>\n\n\n\n<li><strong>Communication commerciale (le cas \u00e9ch\u00e9ant)\u00a0:<\/strong><br>Si l&#039;utilisateur y consent express\u00e9ment, nous pourrons lui envoyer des communications informatives ou commerciales relatives aux services de Do Bico (actualit\u00e9s, \u00e9v\u00e9nements, offres sp\u00e9ciales, etc.). Ce consentement peut \u00eatre retir\u00e9 \u00e0 tout moment.<\/li>\n\n\n\n<li><strong>Am\u00e9lioration et s\u00e9curit\u00e9 du site web\u00a0:<\/strong><br>Analyser l&#039;utilisation du site web, am\u00e9liorer l&#039;exp\u00e9rience utilisateur et garantir sa s\u00e9curit\u00e9 technique.<\/li>\n<\/ol>\n\n\n\n<h3 class=\"wp-block-heading\">4. L\u00e9gitimation du traitement<\/h3>\n\n\n\n<p>Les bases l\u00e9gales qui autorisent le traitement des donn\u00e9es personnelles sont les suivantes\u00a0:<\/p>\n\n\n\n<ul class=\"wp-block-list\">\n<li><strong>Ex\u00e9cution d&#039;un contrat ou application de mesures pr\u00e9contractuelles :<\/strong><br>Pour la gestion des demandes de renseignements, des r\u00e9servations et des services sollicit\u00e9s par l&#039;utilisateur.<\/li>\n\n\n\n<li><strong>Consentement de la partie int\u00e9ress\u00e9e\u00a0:<\/strong><br>Pour l\u2019envoi de communications commerciales lorsque l\u2019utilisateur l\u2019a express\u00e9ment autoris\u00e9 et pour l\u2019utilisation de certains cookies non techniques.<\/li>\n\n\n\n<li><strong>Int\u00e9r\u00eat l\u00e9gitime de la soci\u00e9t\u00e9 :<\/strong><br>Pour l&#039;am\u00e9lioration du site web, la s\u00e9curit\u00e9 du syst\u00e8me et le traitement de base des demandes g\u00e9n\u00e9rales, toujours dans les limites des attentes raisonnables de l&#039;utilisateur.<\/li>\n<\/ul>\n\n\n\n<p>Dans les cas o\u00f9 le traitement est fond\u00e9 sur le consentement, l&#039;utilisateur peut <strong>retirez-le \u00e0 tout moment<\/strong> sans affecter la lic\u00e9it\u00e9 du traitement fond\u00e9 sur le consentement avant son retrait.<\/p>\n\n\n\n<h3 class=\"wp-block-heading\">5. Dur\u00e9es de conservation des donn\u00e9es<\/h3>\n\n\n\n<p>Les donn\u00e9es personnelles seront conserv\u00e9es pendant la dur\u00e9e strictement n\u00e9cessaire pour\u00a0:<\/p>\n\n\n\n<ul class=\"wp-block-list\">\n<li>Pour r\u00e9pondre \u00e0 la demande ou \u00e0 la requ\u00eate formul\u00e9e.<\/li>\n\n\n\n<li>Maintien de la relation contractuelle ou de prestation de services (y compris la gestion des r\u00e9servations).<\/li>\n\n\n\n<li>Respectez les obligations l\u00e9gales applicables (fiscalit\u00e9, comptabilit\u00e9, consommation, etc.).<\/li>\n<\/ul>\n\n\n\n<p>Une fois ces p\u00e9riodes \u00e9coul\u00e9es, les donn\u00e9es seront bloqu\u00e9es pendant les d\u00e9lais l\u00e9gaux pr\u00e9vus pour faire face aux \u00e9ventuelles responsabilit\u00e9s, puis supprim\u00e9es de mani\u00e8re s\u00e9curis\u00e9e.<\/p>\n\n\n\n<h3 class=\"wp-block-heading\">6. Destinataires des donn\u00e9es<\/h3>\n\n\n\n<p>En g\u00e9n\u00e9ral, <strong>Aucune donn\u00e9e personnelle ne sera partag\u00e9e avec des tiers.<\/strong>, sauf lorsque la loi l&#039;exige ou lorsque cela est n\u00e9cessaire \u00e0 la bonne ex\u00e9cution du service demand\u00e9.<\/p>\n\n\n\n<p>Ils pourront notamment acc\u00e9der \u00e0 certaines donn\u00e9es\u00a0:<\/p>\n\n\n\n<ul class=\"wp-block-list\">\n<li><strong>Fournisseurs de services technologiques et d&#039;h\u00e9bergement<\/strong>, n\u00e9cessaires au fonctionnement du site web.<\/li>\n\n\n\n<li><strong>Plateformes de r\u00e9servation externes<\/strong> (par exemple, les syst\u00e8mes de r\u00e9servation de restaurants ou d&#039;h\u00e9bergement) lorsque l&#039;utilisateur effectue la r\u00e9servation par leur interm\u00e9diaire ou \u00e0 partir d&#039;int\u00e9grations pr\u00e9sentes sur le site web.<\/li>\n\n\n\n<li><strong>Responsables du traitement des donn\u00e9es<\/strong> qui fournissent des services \u00e0 la Soci\u00e9t\u00e9 (conseil, assistance informatique, etc.), avec lesquels les contrats de traitement correspondants seront sign\u00e9s conform\u00e9ment \u00e0 l&#039;article 28 du RGPD.<\/li>\n<\/ul>\n\n\n\n<p>Aucun transfert international de donn\u00e9es ne sera effectu\u00e9 vers des pays situ\u00e9s en dehors de l&#039;Espace \u00e9conomique europ\u00e9en sans garanties ad\u00e9quates.<\/p>\n\n\n\n<h3 class=\"wp-block-heading\">7. Droits de l&#039;utilisateur<\/h3>\n\n\n\n<p>Toute personne a le droit d&#039;obtenir la confirmation que Do Bico traite ou non des donn\u00e9es personnelles la concernant.<\/p>\n\n\n\n<p>L&#039;utilisateur peut exercer les droits suivants\u00a0:<\/p>\n\n\n\n<ul class=\"wp-block-list\">\n<li><strong>Droit d&#039;acc\u00e8s :<\/strong> savoir quelles donn\u00e9es nous traitons et dans quel but.<\/li>\n\n\n\n<li><strong>Droit de rectification :<\/strong> demander la correction des donn\u00e9es inexactes ou incompl\u00e8tes.<\/li>\n\n\n\n<li><strong>Droit \u00e0 l\u2019effacement (\u201c droit \u00e0 l\u2019oubli \u201d) :<\/strong> Vous pouvez demander la suppression de vos donn\u00e9es lorsqu&#039;elles ne sont plus n\u00e9cessaires aux fins pour lesquelles elles ont \u00e9t\u00e9 collect\u00e9es.<\/li>\n\n\n\n<li><strong>Droit d&#039;opposition\u00a0:<\/strong> s\u2019opposer \u00e0 certains traitements, par exemple \u00e0 l\u2019envoi de communications commerciales.<\/li>\n\n\n\n<li><strong>Droit \u00e0 la limitation du traitement\u00a0:<\/strong> demander la restriction du traitement dans certaines circonstances.<\/li>\n\n\n\n<li><strong>Droit \u00e0 la portabilit\u00e9 :<\/strong> recevoir des donn\u00e9es personnelles dans un format structur\u00e9, couramment utilis\u00e9 et lisible par machine, et les transmettre \u00e0 un autre responsable du traitement lorsque cela est techniquement possible.<\/li>\n<\/ul>\n\n\n\n<p>Pour exercer ces droits, l&#039;utilisateur peut contacter la Soci\u00e9t\u00e9 par \u00e9crit (d\u00e9tails dans la section 1), en indiquant \u201c Protection des donn\u00e9es \u201d dans l&#039;objet ou la r\u00e9f\u00e9rence, ou en utilisant les m\u00e9thodes de contact indiqu\u00e9es sur le site web lui-m\u00eame, en prouvant d\u00fbment son identit\u00e9.<\/p>\n\n\n\n<p>L&#039;utilisateur a \u00e9galement le droit de soumettre un <strong>plainte aupr\u00e8s de l&#039;Agence espagnole de protection des donn\u00e9es (AEPD)<\/strong> si vous estimez que le traitement de vos donn\u00e9es n&#039;est pas conforme \u00e0 la r\u00e9glementation en vigueur.<\/p>\n\n\n\n<h3 class=\"wp-block-heading\">8. S\u00e9curit\u00e9 des donn\u00e9es<\/h3>\n\n\n\n<p>Do Bico s&#039;engage \u00e0 traiter les donn\u00e9es personnelles de mani\u00e8re confidentielle. <strong>confidentiel<\/strong> appliquer d\u00e9j\u00e0 les mesures techniques et organisationnelles n\u00e9cessaires pour garantir un niveau de s\u00e9curit\u00e9 adapt\u00e9 au risque, en emp\u00eachant son alt\u00e9ration, sa perte, son traitement non autoris\u00e9 ou son acc\u00e8s.<\/p>\n\n\n\n<p>Cependant, les utilisateurs doivent \u00eatre conscients que les mesures de s\u00e9curit\u00e9 sur Internet ne sont pas imp\u00e9n\u00e9trables.<\/p>\n\n\n\n<h3 class=\"wp-block-heading\">9. Donn\u00e9es sur les mineurs<\/h3>\n\n\n\n<p>Les services propos\u00e9s sur ce site web ne sont pas sp\u00e9cifiquement destin\u00e9s aux mineurs. Si des donn\u00e9es personnelles sont collect\u00e9es aupr\u00e8s d&#039;enfants de moins de 14 ans, l&#039;autorisation pr\u00e9alable d&#039;un parent ou tuteur l\u00e9gal sera requise.<\/p>\n\n\n\n<p>Si la soci\u00e9t\u00e9 d\u00e9tecte qu&#039;elle a re\u00e7u des donn\u00e9es de mineurs sans une telle autorisation, elle proc\u00e9dera imm\u00e9diatement \u00e0 leur suppression.<\/p>\n\n\n\n<h3 class=\"wp-block-heading\">10. Liens vers d&#039;autres sites web<\/h3>\n\n\n\n<p>Ce site web peut contenir des liens vers des pages externes (par exemple, des plateformes de r\u00e9servation ou d&#039;autres ressources utiles). La pr\u00e9sente politique de confidentialit\u00e9 s&#039;applique uniquement \u00e0 dobico.es. Par cons\u00e9quent, Do Bico d\u00e9cline toute responsabilit\u00e9 quant au contenu et aux politiques de confidentialit\u00e9 de ces sites externes. Il est conseill\u00e9 aux utilisateurs de consulter la politique de confidentialit\u00e9 de chaque site web visit\u00e9.<\/p>\n\n\n\n<h3 class=\"wp-block-heading\">11. Mise \u00e0 jour de la politique de confidentialit\u00e9<\/h3>\n\n\n\n<p>Do Bico se r\u00e9serve le droit de <strong>modifier cette politique de confidentialit\u00e9<\/strong> pour l\u2019adapter \u00e0 la nouvelle l\u00e9gislation, \u00e0 la jurisprudence ou aux interpr\u00e9tations de l\u2019Agence espagnole de protection des donn\u00e9es (AEPD), ainsi qu\u2019aux changements dans la gestion du site web ou les services propos\u00e9s.<\/p>\n\n\n\n<p>Les modifications seront publi\u00e9es sur cette m\u00eame page ; il est donc conseill\u00e9 aux utilisateurs de consulter r\u00e9guli\u00e8rement son contenu.<\/p>\n\n\n\n<p>Derni\u00e8re mise \u00e0 jour\u00a0: <strong>6 f\u00e9vrier 2026<\/strong>.<\/p>","protected":false},"excerpt":{"rendered":"<p>Taberna do Bico SL<\/p>","protected":false},"author":5,"featured_media":2247,"parent":0,"menu_order":0,"comment_status":"closed","ping_status":"closed","template":"","meta":{"slim_seo":{"title":"Politique de confidentialit\u00e9 - Do Bico","description":"Taberna do Bico SL"},"footnotes":""},"class_list":["post-13","page","type-page","status-publish","has-post-thumbnail","hentry"],"_links":{"self":[{"href":"https:\/\/dobico.es\/fr\/wp-json\/wp\/v2\/pages\/13","targetHints":{"allow":["GET"]}}],"collection":[{"href":"https:\/\/dobico.es\/fr\/wp-json\/wp\/v2\/pages"}],"about":[{"href":"https:\/\/dobico.es\/fr\/wp-json\/wp\/v2\/types\/page"}],"author":[{"embeddable":true,"href":"https:\/\/dobico.es\/fr\/wp-json\/wp\/v2\/users\/5"}],"replies":[{"embeddable":true,"href":"https:\/\/dobico.es\/fr\/wp-json\/wp\/v2\/comments?post=13"}],"version-history":[{"count":5,"href":"https:\/\/dobico.es\/fr\/wp-json\/wp\/v2\/pages\/13\/revisions"}],"predecessor-version":[{"id":2399,"href":"https:\/\/dobico.es\/fr\/wp-json\/wp\/v2\/pages\/13\/revisions\/2399"}],"wp:featuredmedia":[{"embeddable":true,"href":"https:\/\/dobico.es\/fr\/wp-json\/wp\/v2\/media\/2247"}],"wp:attachment":[{"href":"https:\/\/dobico.es\/fr\/wp-json\/wp\/v2\/media?parent=13"}],"curies":[{"name":"wp","href":"https:\/\/api.w.org\/{rel}","templated":true}]}}