{"id":14,"date":"2023-06-12T08:30:15","date_gmt":"2023-06-12T06:30:15","guid":{"rendered":"https:\/\/rubentoja.es\/politica-de-cookies\/"},"modified":"2026-02-20T07:04:47","modified_gmt":"2026-02-20T06:04:47","slug":"politique-en-matiere-de-cookies","status":"publish","type":"page","link":"https:\/\/dobico.es\/fr\/politica-de-cookies\/","title":{"rendered":"Politique en mati\u00e8re de cookies"},"content":{"rendered":"<h3 class=\"wp-block-heading\">1. Que sont les cookies ?<\/h3>\n\n\n\n<p>Le <strong>cookies<\/strong> Les cookies sont de petits fichiers de donn\u00e9es t\u00e9l\u00e9charg\u00e9s sur l&#039;appareil de l&#039;utilisateur (ordinateur, smartphone, tablette, etc.) lorsqu&#039;il consulte certains sites web. Ils permettent notamment de stocker et de r\u00e9cup\u00e9rer des informations sur les habitudes de navigation et, selon les informations qu&#039;ils contiennent et leur utilisation, peuvent servir \u00e0 reconna\u00eetre l&#039;utilisateur.<\/p>\n\n\n\n<p>Des technologies similaires (telles que les pixels, les balises ou le stockage local) sont \u00e9galement utilis\u00e9es et fonctionnent, en pratique, de mani\u00e8re similaire. Dans la pr\u00e9sente politique, nous les d\u00e9signerons toutes par le terme g\u00e9n\u00e9rique \u00ab\u00a0technologies de suivi\u00a0\u00bb. <strong>\u201c&quot;cookies&quot;\u201d<\/strong>.<\/p>\n\n\n\n<h3 class=\"wp-block-heading\">2. Qui utilise des cookies sur ce site web ?<\/h3>\n\n\n\n<p>Le site web <strong>dobico.es<\/strong> appartient \u00e0 :<\/p>\n\n\n\n<p><strong>Taberna do Bico, SL.<\/strong><br>CIF\u00a0: <strong>B70729025<\/strong><br>Si\u00e8ge social : <strong>Calle Cant\u00f3n de la Le\u00f1a 15, 15123 Camari\u00f1as, La Corogne (Espagne)<\/strong><\/p>\n\n\n\n<p>Les cookies peuvent \u00eatre\u00a0:<\/p>\n\n\n\n<ul class=\"wp-block-list\">\n<li><strong>Propre<\/strong>: envoy\u00e9 \u00e0 l&#039;ordinateur de l&#039;utilisateur depuis un ordinateur ou un domaine g\u00e9r\u00e9 par Do Bico et \u00e0 partir duquel le service demand\u00e9 est fourni.<\/li>\n\n\n\n<li><strong>De la part de tiers<\/strong>: envoy\u00e9 \u00e0 l&#039;appareil de l&#039;utilisateur depuis un appareil ou un domaine qui n&#039;est pas g\u00e9r\u00e9 par Do Bico, mais par une autre entit\u00e9 qui traite les donn\u00e9es obtenues par le biais des cookies (par exemple, des outils d&#039;analyse ou des plateformes de r\u00e9servation int\u00e9gr\u00e9es ou li\u00e9es).<\/li>\n<\/ul>\n\n\n\n<h3 class=\"wp-block-heading\">3. Types de cookies utilis\u00e9s<\/h3>\n\n\n\n<p>Selon leur finalit\u00e9, les cat\u00e9gories de cookies suivantes peuvent \u00eatre utilis\u00e9es sur dobico.es\u00a0:<\/p>\n\n\n\n<ol class=\"wp-block-list\">\n<li><strong>cookies techniques ou n\u00e9cessaires<\/strong><br>Ces \u00e9l\u00e9ments sont essentiels au fonctionnement de base du site web et permettent la navigation et l&#039;utilisation de ses diff\u00e9rentes options ou services (gestion de session, s\u00e9curit\u00e9, chargement du contenu, etc.).<br>Ces cookies sont actifs par d\u00e9faut et <strong>ne n\u00e9cessitent pas de consentement<\/strong>, car sans eux, le site web ne pourrait pas fonctionner correctement.<\/li>\n\n\n\n<li><strong>Cookies de pr\u00e9f\u00e9rence ou de personnalisation<\/strong><br>Elles permettent de m\u00e9moriser des informations afin que l&#039;utilisateur puisse acc\u00e9der au service avec certaines caract\u00e9ristiques (par exemple, la langue pr\u00e9f\u00e9r\u00e9e, le type de navigateur, les param\u00e8tres r\u00e9gionaux).<br>Leur utilisation peut n\u00e9cessiter le consentement de l&#039;utilisateur, sauf si elles sont strictement n\u00e9cessaires au fonctionnement du site.<\/li>\n\n\n\n<li><strong>Cookies d'analyse ou de mesure<\/strong><br>Elles permettent de suivre et d&#039;analyser le comportement des utilisateurs sur le site web (par exemple, les pages visit\u00e9es, le temps pass\u00e9, les clics). Ces informations servent \u00e0 am\u00e9liorer l&#039;exp\u00e9rience utilisateur et le contenu.<br>Elles sont g\u00e9n\u00e9ralement fournies par des tiers (par exemple, des outils d&#039;analyse Web) et <strong>n\u00e9cessiter le consentement de l&#039;utilisateur<\/strong>.<\/li>\n\n\n\n<li><strong>Cookies publicitaires comportementaux<\/strong><br>Ils permettent la gestion des espaces publicitaires et le suivi des habitudes de navigation afin d&#039;afficher des publicit\u00e9s correspondant aux centres d&#039;int\u00e9r\u00eat de l&#039;utilisateur.<br>Si elle est utilis\u00e9e sur dobico.es, elle le sera toujours avec le consentement \u00e9clair\u00e9 pr\u00e9alable de l&#039;utilisateur.<\/li>\n<\/ol>\n\n\n\n<p>\u00c0 tout moment, l&#039;utilisateur pourra conna\u00eetre en d\u00e9tail quels cookies sont actifs, leur finalit\u00e9 et leur dur\u00e9e via le panneau de configuration ou la banni\u00e8re de cookies qui s&#039;affichera lors de sa premi\u00e8re visite (et \u00e0 tout moment lors de la modification de ses pr\u00e9f\u00e9rences).<\/p>\n\n\n\n<h3 class=\"wp-block-heading\">4. Comment le consentement est-il obtenu ?<\/h3>\n\n\n\n<p>Lorsque l&#039;utilisateur acc\u00e8de \u00e0 dobico.es pour la premi\u00e8re fois, un <strong>banni\u00e8re ou message d&#039;information sur les cookies<\/strong>, que:<\/p>\n\n\n\n<ul class=\"wp-block-list\">\n<li>Il fournit des informations de base sur l&#039;utilisation des cookies.<\/li>\n\n\n\n<li>Elle offre la possibilit\u00e9 de <strong>Accepter tous les cookies<\/strong>, <strong>rejeter les \u00e9l\u00e9ments inutiles<\/strong> o <strong>configurer les pr\u00e9f\u00e9rences<\/strong> par cat\u00e9gories.<\/li>\n<\/ul>\n\n\n\n<p>L&#039;utilisateur peut <strong>modifier ou retirer votre consentement<\/strong> \u00e0 tout moment via le panneau de configuration des cookies accessible depuis le site web lui-m\u00eame (par exemple, via un lien tel que \u201c\u00a0Param\u00e8tres des cookies\u00a0\u201d ou similaire dans le pied de page).<\/p>\n\n\n\n<p>Les cookies techniques ou n\u00e9cessaires resteront actifs quel que soit le choix de l&#039;utilisateur, car ils sont essentiels au fonctionnement de base du site web.<\/p>\n\n\n\n<h3 class=\"wp-block-heading\">5. Comment supprimer ou bloquer les cookies du navigateur\u00a0?<\/h3>\n\n\n\n<p>Outre le panneau de configuration propre au site web, l&#039;utilisateur peut autoriser, bloquer ou supprimer les cookies install\u00e9s sur son ordinateur en configurant les options de son navigateur.<\/p>\n\n\n\n<p>Les \u00e9tapes peuvent varier selon le navigateur, mais voici un guide\u00a0:<\/p>\n\n\n\n<ul class=\"wp-block-list\">\n<li><strong>Chrome<\/strong><\/li>\n\n\n\n<li><strong>Firefox<\/strong><\/li>\n\n\n\n<li><strong>Safari<\/strong><\/li>\n\n\n\n<li><strong>Bord<\/strong><\/li>\n<\/ul>\n\n\n\n<p>La section d&#039;aide de chaque navigateur explique comment g\u00e9rer les cookies. Veuillez noter que le blocage de certains cookies peut emp\u00eacher le bon fonctionnement de certains services ou fonctionnalit\u00e9s du site web.<\/p>\n\n\n\n<h3 class=\"wp-block-heading\">6. Cookies tiers<\/h3>\n\n\n\n<p>dobico.es peut int\u00e9grer des services ou contenus tiers (par exemple, des syst\u00e8mes de r\u00e9servation, des cartes, du contenu int\u00e9gr\u00e9 ou des outils d&#039;analyse), qui peuvent installer leurs propres cookies.<\/p>\n\n\n\n<p>Ces tiers sont responsables de ces cookies et de leurs propres politiques de confidentialit\u00e9 et de cookies. Nous recommandons aux utilisateurs de consulter ces politiques pour plus d&#039;informations sur leur utilisation des donn\u00e9es.<\/p>\n\n\n\n<ul class=\"wp-block-list\">\n<li>Outils d&#039;analyse Web (par exemple, Google Analytics, le cas \u00e9ch\u00e9ant).<\/li>\n\n\n\n<li>Plateformes de r\u00e9servation ou autres services int\u00e9gr\u00e9s ou li\u00e9s au site web.<\/li>\n<\/ul>\n\n\n\n<p>Dans tous les cas, ces cookies ne seront activ\u00e9s que si l&#039;utilisateur donne son consentement via la banni\u00e8re ou le panneau de param\u00e8tres.<\/p>\n\n\n\n<h3 class=\"wp-block-heading\">7. Mise \u00e0 jour de la politique relative aux cookies<\/h3>\n\n\n\n<p>La pr\u00e9sente politique relative aux cookies peut \u00eatre mise \u00e0 jour en fonction des modifications apport\u00e9es \u00e0 la configuration de dobico.es, aux cookies utilis\u00e9s ou \u00e0 la r\u00e9glementation en vigueur.<\/p>\n\n\n\n<p>En cas de modifications importantes, l&#039;utilisateur en sera inform\u00e9 (par exemple, par une notification sur le site web ou via la banni\u00e8re de cookies). Il est recommand\u00e9 de consulter r\u00e9guli\u00e8rement cette politique afin de rester inform\u00e9 sur la mani\u00e8re dont nous utilisons les cookies et sur les raisons de cette utilisation.<\/p>\n\n\n\n<p>Derni\u00e8re mise \u00e0 jour\u00a0: <strong>6 f\u00e9vrier 202<\/strong>.<\/p>\n\n\n\n<p><\/p>","protected":false},"excerpt":{"rendered":"<p>Taberna do Bico SL<\/p>","protected":false},"author":5,"featured_media":2247,"parent":0,"menu_order":0,"comment_status":"closed","ping_status":"closed","template":"","meta":{"slim_seo":{"title":"Politique relative aux cookies - Do Bico","description":"Taberna do Bico SL"},"footnotes":""},"class_list":["post-14","page","type-page","status-publish","has-post-thumbnail","hentry"],"_links":{"self":[{"href":"https:\/\/dobico.es\/fr\/wp-json\/wp\/v2\/pages\/14","targetHints":{"allow":["GET"]}}],"collection":[{"href":"https:\/\/dobico.es\/fr\/wp-json\/wp\/v2\/pages"}],"about":[{"href":"https:\/\/dobico.es\/fr\/wp-json\/wp\/v2\/types\/page"}],"author":[{"embeddable":true,"href":"https:\/\/dobico.es\/fr\/wp-json\/wp\/v2\/users\/5"}],"replies":[{"embeddable":true,"href":"https:\/\/dobico.es\/fr\/wp-json\/wp\/v2\/comments?post=14"}],"version-history":[{"count":4,"href":"https:\/\/dobico.es\/fr\/wp-json\/wp\/v2\/pages\/14\/revisions"}],"predecessor-version":[{"id":2398,"href":"https:\/\/dobico.es\/fr\/wp-json\/wp\/v2\/pages\/14\/revisions\/2398"}],"wp:featuredmedia":[{"embeddable":true,"href":"https:\/\/dobico.es\/fr\/wp-json\/wp\/v2\/media\/2247"}],"wp:attachment":[{"href":"https:\/\/dobico.es\/fr\/wp-json\/wp\/v2\/media?parent=14"}],"curies":[{"name":"wp","href":"https:\/\/api.w.org\/{rel}","templated":true}]}}