{"id":24,"date":"2023-06-12T08:38:21","date_gmt":"2023-06-12T06:38:21","guid":{"rendered":"https:\/\/rubentoja.es\/?page_id=24"},"modified":"2026-02-19T16:37:19","modified_gmt":"2026-02-19T15:37:19","slug":"taberna","status":"publish","type":"page","link":"https:\/\/dobico.es\/fr\/taberna\/","title":{"rendered":"Taberna do Bico"},"content":{"rendered":"<div data-elementor-type=\"wp-page\" data-elementor-id=\"24\" class=\"elementor elementor-24\" data-elementor-post-type=\"page\">\n\t\t\t\t<div class=\"elementor-element elementor-element-b6c2fad e-flex e-con-boxed e-con e-parent\" data-id=\"b6c2fad\" data-element_type=\"container\" data-e-type=\"container\" data-settings=\"{&quot;background_background&quot;:&quot;classic&quot;}\">\n\t\t\t\t\t<div class=\"e-con-inner\">\n\t\t<div class=\"elementor-element elementor-element-e3f7cb8 e-con-full e-flex e-con e-child\" data-id=\"e3f7cb8\" data-element_type=\"container\" data-e-type=\"container\" data-settings=\"{&quot;background_background&quot;:&quot;classic&quot;}\">\n\t\t\t\t<\/div>\n\t\t<div class=\"elementor-element elementor-element-453d3be e-con-full e-flex e-con e-child\" data-id=\"453d3be\" data-element_type=\"container\" data-e-type=\"container\">\n\t\t\t\t<div class=\"elementor-element elementor-element-f7bef9c elementor-widget elementor-widget-heading\" data-id=\"f7bef9c\" data-element_type=\"widget\" data-e-type=\"widget\" data-widget_type=\"heading.default\">\n\t\t\t\t\t<h2 class=\"elementor-heading-title elementor-size-default\">Vins et tapas du jour<\/h2>\t\t\t\t<\/div>\n\t\t\t\t<div class=\"elementor-element elementor-element-80c9306 elementor-widget elementor-widget-text-editor\" data-id=\"80c9306\" data-element_type=\"widget\" data-e-type=\"widget\" data-widget_type=\"text-editor.default\">\n\t\t\t\t\t\t\t\t\t<p>\u00c0 la Taberna do Bico, nous laissons la vedette \u00e0 Agocho do Bico, d\u00e9sormais l&#039;endroit id\u00e9al pour savourer un repas en toute tranquillit\u00e9, afin de nous concentrer ici sur l&#039;essence m\u00eame de la taverne\u00a0: le vin, les tapas et une cuisine plus d\u00e9contract\u00e9e. \u00c0 notre bar, vous trouverez une s\u00e9lection pointue de vins au verre et en bouteille, issus de domaines viticoles passionn\u00e9s, nationaux et internationaux \u2013 de petits projets uniques que nous d\u00e9nichons sans cesse pour proposer \u00e0 Camari\u00f1as des \u00e9tiquettes qui \u00e9veillent des \u00e9motions \u00e0 chaque gorg\u00e9e. Notre carte des vins est renouvel\u00e9e chaque mois et s&#039;accompagne de tapas du jour, con\u00e7ues pour une d\u00e9gustation sereine dans une ambiance conviviale et informelle. Ne manquez pas nos burgers au b\u0153uf blond galicien (vous ne le regretterez pas\u00a0!).<\/p>\t\t\t\t\t\t\t\t<\/div>\n\t\t\t\t<div class=\"elementor-element elementor-element-6f8e560 elementor-widget elementor-widget-heading\" data-id=\"6f8e560\" data-element_type=\"widget\" data-e-type=\"widget\" data-widget_type=\"heading.default\">\n\t\t\t\t\t<p class=\"elementor-heading-title elementor-size-default\"><a href=\"https:\/\/dobico.es\/fr\/agocho\/\">Envie d&#039;une ambiance plus d\u00e9tendue ? D\u00e9couvrez O Agocho !<\/a><\/p>\t\t\t\t<\/div>\n\t\t\t\t<\/div>\n\t\t\t\t\t<\/div>\n\t\t\t\t<\/div>\n\t\t<div class=\"elementor-element elementor-element-c0f261e e-flex e-con-boxed e-con e-parent\" data-id=\"c0f261e\" data-element_type=\"container\" data-e-type=\"container\" data-settings=\"{&quot;background_background&quot;:&quot;classic&quot;}\">\n\t\t\t\t\t<div class=\"e-con-inner\">\n\t\t\t\t<div class=\"elementor-element elementor-element-5b3dbc4 premium-header-block premium-header-block premium-lq__none premium-box-lq__none elementor-widget elementor-widget-premium-addon-dual-header\" data-id=\"5b3dbc4\" data-element_type=\"widget\" data-e-type=\"widget\" data-widget_type=\"premium-addon-dual-header.default\">\n\t\t\t\t\t\n\t\t<div class=\"elementor-widget-container\">\n\t\t<div class=\"premium-dual-header-wrapper\">\n\t\t\t\t\t<h2 class=\"premium-dual-header-first-header\"><span class=\"premium-dual-header-first-span\">Nos trois  <\/span><span class=\"premium-dual-header-second-header\">sp\u00e9cialit\u00e9s<\/span><\/h2> \t\t\t\t\t\t<\/div>\n\t\t<\/div>\n\n\t\t\t\t\t\t<\/div>\n\t\t<div class=\"elementor-element elementor-element-1ccb49e e-con-full e-grid e-con e-child\" data-id=\"1ccb49e\" data-element_type=\"container\" data-e-type=\"container\">\n\t\t\t\t<div class=\"elementor-element elementor-element-c46c503 elementor-position-top elementor-position-top elementor-position-top elementor-widget elementor-widget-image-box\" data-id=\"c46c503\" data-element_type=\"widget\" data-e-type=\"widget\" data-widget_type=\"image-box.default\">\n\t\t\t\t\t<div class=\"elementor-image-box-wrapper\"><figure class=\"elementor-image-box-img\"><img decoding=\"async\" src=\"https:\/\/dobico.es\/wp-content\/uploads\/elementor\/thumbs\/Hamburguesa-Taberna-do-Bico-2026-rjdv6z4d7anacgbx92bfe41bx05ain3gqo6vxa7vd4.jpg\" title=\"Taberna do Bico Burger 2026\" alt=\"Taberna do Bico Burger\" class=\"elementor-animation-grow\" loading=\"lazy\" \/><\/figure><div class=\"elementor-image-box-content\"><h3 class=\"elementor-image-box-title\">Burgers<\/h3><\/div><\/div>\t\t\t\t<\/div>\n\t\t\t\t<div class=\"elementor-element elementor-element-3fb3189 elementor-position-top elementor-position-top elementor-position-top elementor-widget elementor-widget-image-box\" data-id=\"3fb3189\" data-element_type=\"widget\" data-e-type=\"widget\" data-widget_type=\"image-box.default\">\n\t\t\t\t\t<div class=\"elementor-image-box-wrapper\"><figure class=\"elementor-image-box-img\"><img decoding=\"async\" src=\"https:\/\/dobico.es\/wp-content\/uploads\/elementor\/thumbs\/Tacos-Taberna-do-Bico-rjdv9fh71q08nsrkx4icwhqnr81sm6u8etij1akv48.jpg\" title=\"Tacos Taberna do Bico\" alt=\"Tacos Taberna do Bico\" class=\"elementor-animation-grow\" loading=\"lazy\" \/><\/figure><div class=\"elementor-image-box-content\"><h3 class=\"elementor-image-box-title\">Tacos<\/h3><\/div><\/div>\t\t\t\t<\/div>\n\t\t\t\t<div class=\"elementor-element elementor-element-5b79ade elementor-position-top elementor-position-top elementor-position-top elementor-widget elementor-widget-image-box\" data-id=\"5b79ade\" data-element_type=\"widget\" data-e-type=\"widget\" data-widget_type=\"image-box.default\">\n\t\t\t\t\t<div class=\"elementor-image-box-wrapper\"><figure class=\"elementor-image-box-img\"><img decoding=\"async\" src=\"https:\/\/dobico.es\/wp-content\/uploads\/elementor\/thumbs\/Croquetas-rje2iudbqzv1jp1qg4f4cixn8zkpbsmtop3vvmz8nc.jpg\" title=\"Croquettes\" alt=\"Croquettes\" class=\"elementor-animation-grow\" loading=\"lazy\" \/><\/figure><div class=\"elementor-image-box-content\"><h3 class=\"elementor-image-box-title\">Croquettes<\/h3><\/div><\/div>\t\t\t\t<\/div>\n\t\t\t\t<\/div>\n\t\t\t\t\t<\/div>\n\t\t\t\t<\/div>\n\t\t<div class=\"elementor-element elementor-element-5bef098 e-flex e-con-boxed e-con e-parent\" data-id=\"5bef098\" data-element_type=\"container\" data-e-type=\"container\">\n\t\t\t\t\t<div class=\"e-con-inner\">\n\t\t<div class=\"elementor-element elementor-element-221245d e-con-full e-flex e-con e-child\" data-id=\"221245d\" data-element_type=\"container\" data-e-type=\"container\">\n\t\t\t\t<div class=\"elementor-element elementor-element-14a4614 premium-header-block premium-header-block premium-lq__none premium-box-lq__none elementor-widget elementor-widget-premium-addon-dual-header\" data-id=\"14a4614\" data-element_type=\"widget\" data-e-type=\"widget\" data-widget_type=\"premium-addon-dual-header.default\">\n\t\t\t\t\t\n\t\t<div class=\"elementor-widget-container\">\n\t\t<div class=\"premium-dual-header-wrapper\">\n\t\t\t\t\t<h2 class=\"premium-dual-header-first-header\"><span class=\"premium-dual-header-first-span\">Un lieu pour  <\/span><span class=\"premium-dual-header-second-header\">go\u00fbter, partager et converser<\/span><\/h2> \t\t\t\t\t\t<\/div>\n\t\t<\/div>\n\n\t\t\t\t\t\t<\/div>\n\t\t\t\t<div class=\"elementor-element elementor-element-9450239 elementor-widget elementor-widget-heading\" data-id=\"9450239\" data-element_type=\"widget\" data-e-type=\"widget\" data-widget_type=\"heading.default\">\n\t\t\t\t\t<p class=\"elementor-heading-title elementor-size-default\">Nous souhaitons que la taverne soit votre lieu de d\u00e9couverte des vins et de partage entre amis, dans une ambiance conviviale, chaleureuse et authentique. Pour un menu complet et un service \u00e0 table, rendez-vous \u00e0 O Agocho do Bico. Mais \u00e0 la Taberna do Bico, l&#039;id\u00e9e est diff\u00e9rente\u00a0: go\u00fbtez de nouvelles choses, \u00e9changez vos impressions, demandez des recommandations, savourez les tapas du jour et transformez chaque visite en une mini-d\u00e9gustation de vins entre amis, tandis que les Camari\u00f1as continuent de faire vibrer les rues juste \u00e0 c\u00f4t\u00e9.<\/p>\t\t\t\t<\/div>\n\t\t\t\t<\/div>\n\t\t\t\t\t<\/div>\n\t\t\t\t<\/div>\n\t\t<div class=\"elementor-element elementor-element-0351bc4 e-flex e-con-boxed e-con e-parent\" data-id=\"0351bc4\" data-element_type=\"container\" data-e-type=\"container\" data-settings=\"{&quot;background_background&quot;:&quot;classic&quot;}\">\n\t\t\t\t\t<div class=\"e-con-inner\">\n\t\t\t\t\t<\/div>\n\t\t\t\t<\/div>\n\t\t<div class=\"elementor-element elementor-element-4c93bd2 e-flex e-con-boxed e-con e-parent\" data-id=\"4c93bd2\" data-element_type=\"container\" data-e-type=\"container\">\n\t\t\t\t\t<div class=\"e-con-inner\">\n\t\t<div class=\"elementor-element elementor-element-894574f e-con-full e-flex e-con e-child\" data-id=\"894574f\" data-element_type=\"container\" data-e-type=\"container\">\n\t\t\t\t<div class=\"elementor-element elementor-element-a18afcc elementor-hidden-mobile elementor-widget elementor-widget-spacer\" data-id=\"a18afcc\" data-element_type=\"widget\" data-e-type=\"widget\" data-widget_type=\"spacer.default\">\n\t\t\t\t\t\t\t<div class=\"elementor-spacer\">\n\t\t\t<div class=\"elementor-spacer-inner\"><\/div>\n\t\t<\/div>\n\t\t\t\t\t\t<\/div>\n\t\t\t\t<div class=\"elementor-element elementor-element-2f0d780 elementor-widget elementor-widget-heading\" data-id=\"2f0d780\" data-element_type=\"widget\" data-e-type=\"widget\" data-widget_type=\"heading.default\">\n\t\t\t\t\t<h2 class=\"elementor-heading-title elementor-size-default\">Bien plus que des hamburgers<\/h2>\t\t\t\t<\/div>\n\t\t\t\t<div class=\"elementor-element elementor-element-fd0fbce elementor-widget elementor-widget-text-editor\" data-id=\"fd0fbce\" data-element_type=\"widget\" data-e-type=\"widget\" data-widget_type=\"text-editor.default\">\n\t\t\t\t\t\t\t\t\t<p>Nos burgers au b\u0153uf blond font d\u00e9j\u00e0 partie de l&#039;histoire de la Taberna do Bico. Du b\u0153uf blond de qualit\u00e9 sup\u00e9rieure, des pains brioch\u00e9s artisanaux, des ingr\u00e9dients surprenants et une tendret\u00e9 parfaite vous donneront envie d&#039;accompagner chaque bouch\u00e9e d&#039;un verre de vin. C&#039;est le choix id\u00e9al pour un repas d\u00e9contract\u00e9, \u00e0 partager \u00e0 une table, pour savourer un d\u00e9licieux repas dans une ambiance conviviale, avec le port de Camari\u00f1as \u00e0 deux pas.<\/p>\t\t\t\t\t\t\t\t<\/div>\n\t\t\t\t<div class=\"elementor-element elementor-element-7d13203 elementor-widget elementor-widget-image\" data-id=\"7d13203\" data-element_type=\"widget\" data-e-type=\"widget\" data-widget_type=\"image.default\">\n\t\t\t\t\t\t\t\t\t\t\t\t\t\t\t<img decoding=\"async\" src=\"https:\/\/dobico.es\/wp-content\/uploads\/elementor\/thumbs\/Hamburguesa-Taberna-do-Bico-2026-rjdv6z4bzfvznmuriat6c8uzncu2enu41uldtsslf4.jpg\" title=\"Taberna do Bico Burger 2026\" alt=\"Taberna do Bico Burger\" loading=\"lazy\" \/>\t\t\t\t\t\t\t\t\t\t\t\t\t\t\t<\/div>\n\t\t\t\t<\/div>\n\t\t<div class=\"elementor-element elementor-element-947f378 e-con-full e-flex e-con e-child\" data-id=\"947f378\" data-element_type=\"container\" data-e-type=\"container\">\n\t\t\t\t<div class=\"elementor-element elementor-element-a812f4f elementor-widget elementor-widget-image\" data-id=\"a812f4f\" data-element_type=\"widget\" data-e-type=\"widget\" data-widget_type=\"image.default\">\n\t\t\t\t\t\t\t\t\t\t\t\t\t\t\t<img decoding=\"async\" src=\"https:\/\/dobico.es\/wp-content\/uploads\/elementor\/thumbs\/Tacos-Taberna-do-Bico-rjdv9fh5tv8xyzaf6d03umkbhkqki7kvpzx0xt5l68.jpg\" title=\"Tacos Taberna do Bico\" alt=\"Tacos Taberna do Bico\" loading=\"lazy\" \/>\t\t\t\t\t\t\t\t\t\t\t\t\t\t\t<\/div>\n\t\t\t\t<div class=\"elementor-element elementor-element-e268165 elementor-widget elementor-widget-heading\" data-id=\"e268165\" data-element_type=\"widget\" data-e-type=\"widget\" data-widget_type=\"heading.default\">\n\t\t\t\t\t<h2 class=\"elementor-heading-title elementor-size-default\">Tacos et croquettes<\/h2>\t\t\t\t<\/div>\n\t\t\t\t<div class=\"elementor-element elementor-element-2127e93 elementor-widget elementor-widget-text-editor\" data-id=\"2127e93\" data-element_type=\"widget\" data-e-type=\"widget\" data-widget_type=\"text-editor.default\">\n\t\t\t\t\t\t\t\t\t<p>Outre nos burgers, \u00e0 la Taberna do Bico, vous trouverez deux incontournables qui ne manqueront pas de vous s\u00e9duire\u00a0: nos tacos, avec leurs garnitures savoureuses et cette touche audacieuse qui appelle un bon verre, et nos croquettes maison, cr\u00e9meuses \u00e0 l\u2019int\u00e9rieur et dor\u00e9es \u00e0 l\u2019ext\u00e9rieur, faites pour \u00eatre partag\u00e9es\u2026 ou pas.<\/p>\t\t\t\t\t\t\t\t<\/div>\n\t\t\t\t<div class=\"elementor-element elementor-element-5b66f73 elementor-hidden-mobile elementor-widget elementor-widget-spacer\" data-id=\"5b66f73\" data-element_type=\"widget\" data-e-type=\"widget\" data-widget_type=\"spacer.default\">\n\t\t\t\t\t\t\t<div class=\"elementor-spacer\">\n\t\t\t<div class=\"elementor-spacer-inner\"><\/div>\n\t\t<\/div>\n\t\t\t\t\t\t<\/div>\n\t\t\t\t<\/div>\n\t\t\t\t\t<\/div>\n\t\t\t\t<\/div>\n\t\t<div class=\"elementor-element elementor-element-b11bce9 e-con-full e-flex e-con e-parent\" data-id=\"b11bce9\" data-element_type=\"container\" data-e-type=\"container\">\n\t\t\t\t<div class=\"elementor-element elementor-element-73de474 elementor-skin-coverflow elementor-widget elementor-widget-media-carousel\" data-id=\"73de474\" data-element_type=\"widget\" data-e-type=\"widget\" data-settings=\"{&quot;skin&quot;:&quot;coverflow&quot;,&quot;slides_per_view&quot;:&quot;3&quot;,&quot;lazyload&quot;:&quot;yes&quot;,&quot;speed&quot;:500,&quot;autoplay&quot;:&quot;yes&quot;,&quot;autoplay_speed&quot;:5000,&quot;loop&quot;:&quot;yes&quot;,&quot;pause_on_hover&quot;:&quot;yes&quot;,&quot;pause_on_interaction&quot;:&quot;yes&quot;,&quot;space_between&quot;:{&quot;unit&quot;:&quot;px&quot;,&quot;size&quot;:10,&quot;sizes&quot;:[]},&quot;space_between_tablet&quot;:{&quot;unit&quot;:&quot;px&quot;,&quot;size&quot;:10,&quot;sizes&quot;:[]},&quot;space_between_mobile&quot;:{&quot;unit&quot;:&quot;px&quot;,&quot;size&quot;:10,&quot;sizes&quot;:[]}}\" data-widget_type=\"media-carousel.default\">\n\t\t\t\t\t\t\t\t\t\t<div class=\"elementor-main-swiper swiper\" role=\"region\" aria-roledescription=\"carousel\" aria-label=\"Diapositives\">\n\t\t\t\t<div class=\"swiper-wrapper\">\n\t\t\t\t\t\t\t\t\t\t\t<div class=\"swiper-slide\" role=\"group\" aria-roledescription=\"slide\">\n\t\t\t\t\t\t\t\t\t<div class=\"elementor-carousel-image swiper-lazy\" role=\"img\" aria-label=\"D\u00e9coration Taverne Do Bico Camari\u00f1as 00014\" data-background=\"https:\/\/dobico.es\/wp-content\/uploads\/Decoracion-Taberna-do-Bico-Camarinas-00014.jpg\">\n\n\t\t\t\t\t\t\t<div class=\"swiper-lazy-preloader\"><\/div>\n\t\t\t\n\t\t\t\t\t<\/div>\n\t\t\t\t\t\t\t\t<\/div>\n\t\t\t\t\t\t\t\t\t\t\t<div class=\"swiper-slide\" role=\"group\" aria-roledescription=\"slide\">\n\t\t\t\t\t\t\t\t\t<div class=\"elementor-carousel-image swiper-lazy\" role=\"img\" aria-label=\"D\u00e9coration Taverne Do Bico Camari\u00f1as 00013\" data-background=\"https:\/\/dobico.es\/wp-content\/uploads\/Decoracion-Taberna-do-Bico-Camarinas-00013.jpg\">\n\n\t\t\t\t\t\t\t<div class=\"swiper-lazy-preloader\"><\/div>\n\t\t\t\n\t\t\t\t\t<\/div>\n\t\t\t\t\t\t\t\t<\/div>\n\t\t\t\t\t\t\t\t\t\t\t<div class=\"swiper-slide\" role=\"group\" aria-roledescription=\"slide\">\n\t\t\t\t\t\t\t\t\t<div class=\"elementor-carousel-image swiper-lazy\" role=\"img\" aria-label=\"Int\u00e9rieur O Agocho\" data-background=\"https:\/\/dobico.es\/wp-content\/uploads\/Interor-O-Agocho-00006.jpg\">\n\n\t\t\t\t\t\t\t<div class=\"swiper-lazy-preloader\"><\/div>\n\t\t\t\n\t\t\t\t\t<\/div>\n\t\t\t\t\t\t\t\t<\/div>\n\t\t\t\t\t\t\t\t\t\t\t<div class=\"swiper-slide\" role=\"group\" aria-roledescription=\"slide\">\n\t\t\t\t\t\t\t\t\t<div class=\"elementor-carousel-image swiper-lazy\" role=\"img\" aria-label=\"D\u00e9coration Taverne Do Bico Camari\u00f1as 00008\" data-background=\"https:\/\/dobico.es\/wp-content\/uploads\/Decoracion-Taberna-do-Bico-Camarinas-00008.jpg\">\n\n\t\t\t\t\t\t\t<div class=\"swiper-lazy-preloader\"><\/div>\n\t\t\t\n\t\t\t\t\t<\/div>\n\t\t\t\t\t\t\t\t<\/div>\n\t\t\t\t\t\t\t\t\t\t\t<div class=\"swiper-slide\" role=\"group\" aria-roledescription=\"slide\">\n\t\t\t\t\t\t\t\t\t<div class=\"elementor-carousel-image swiper-lazy\" role=\"img\" aria-label=\"L&#039;\u00e9quipe de La Taberna Do Bico 007\" data-background=\"https:\/\/dobico.es\/wp-content\/uploads\/Equipo-de-la-Taberna-do-Bico-007.jpg\">\n\n\t\t\t\t\t\t\t<div class=\"swiper-lazy-preloader\"><\/div>\n\t\t\t\n\t\t\t\t\t<\/div>\n\t\t\t\t\t\t\t\t<\/div>\n\t\t\t\t\t\t\t\t\t\t\t<div class=\"swiper-slide\" role=\"group\" aria-roledescription=\"slide\">\n\t\t\t\t\t\t\t\t\t<div class=\"elementor-carousel-image swiper-lazy\" role=\"img\" aria-label=\"D\u00e9coration Taverne Do Bico Camari\u00f1as 00013\" data-background=\"https:\/\/dobico.es\/wp-content\/uploads\/Decoracion-Taberna-do-Bico-Camarinas-00013.jpg\">\n\n\t\t\t\t\t\t\t<div class=\"swiper-lazy-preloader\"><\/div>\n\t\t\t\n\t\t\t\t\t<\/div>\n\t\t\t\t\t\t\t\t<\/div>\n\t\t\t\t\t\t\t\t\t<\/div>\n\t\t\t\t\t\t\t\t\t\t\t\t\t\t\t\t\t\t\t\t\t<\/div>\n\t\t\t\t\t\t\t\t<\/div>\n\t\t\t\t<\/div>\n\t\t\t\t<\/div>","protected":false},"excerpt":{"rendered":"<p>Un lieu pour d\u00e9couvrir des vins uniques et partager des tapas du jour<\/p>","protected":false},"author":5,"featured_media":2266,"parent":0,"menu_order":0,"comment_status":"closed","ping_status":"closed","template":"","meta":{"slim_seo":{"title":"Taberna do Bico, les meilleurs vins des domaines viticoles ind\u00e9pendants de Galice","description":"Taberna do Bico est un bar \u00e0 vin ind\u00e9pendant situ\u00e9 \u00e0 Camari\u00f1as, proposant une s\u00e9lection qui change chaque mois et des tapas quotidiennes \u00e0 partager dans une ambiance conviviale."},"footnotes":""},"class_list":["post-24","page","type-page","status-publish","has-post-thumbnail","hentry"],"_links":{"self":[{"href":"https:\/\/dobico.es\/fr\/wp-json\/wp\/v2\/pages\/24","targetHints":{"allow":["GET"]}}],"collection":[{"href":"https:\/\/dobico.es\/fr\/wp-json\/wp\/v2\/pages"}],"about":[{"href":"https:\/\/dobico.es\/fr\/wp-json\/wp\/v2\/types\/page"}],"author":[{"embeddable":true,"href":"https:\/\/dobico.es\/fr\/wp-json\/wp\/v2\/users\/5"}],"replies":[{"embeddable":true,"href":"https:\/\/dobico.es\/fr\/wp-json\/wp\/v2\/comments?post=24"}],"version-history":[{"count":5,"href":"https:\/\/dobico.es\/fr\/wp-json\/wp\/v2\/pages\/24\/revisions"}],"predecessor-version":[{"id":2700,"href":"https:\/\/dobico.es\/fr\/wp-json\/wp\/v2\/pages\/24\/revisions\/2700"}],"wp:featuredmedia":[{"embeddable":true,"href":"https:\/\/dobico.es\/fr\/wp-json\/wp\/v2\/media\/2266"}],"wp:attachment":[{"href":"https:\/\/dobico.es\/fr\/wp-json\/wp\/v2\/media?parent=24"}],"curies":[{"name":"wp","href":"https:\/\/api.w.org\/{rel}","templated":true}]}}