{"id":40,"date":"2023-06-12T08:39:22","date_gmt":"2023-06-12T06:39:22","guid":{"rendered":"https:\/\/rubentoja.es\/?page_id=40"},"modified":"2026-02-20T07:04:38","modified_gmt":"2026-02-20T06:04:38","slug":"politique-daccessibilite","status":"publish","type":"page","link":"https:\/\/dobico.es\/fr\/politica-de-accesibilidad\/","title":{"rendered":"Politique d'accessibilit\u00e9"},"content":{"rendered":"<p>Taberna do Bico SL s'engage \u00e0 rendre son site web accessible conform\u00e9ment au d\u00e9cret royal 1112\/2018, du 7 septembre, sur l'accessibilit\u00e9 des sites web et des applications du secteur public pour les appareils mobiles, ou les d\u00e9veloppements financ\u00e9s par l'Europe.<\/p>\n\n\n\n<p>La pr\u00e9sente d\u00e9claration d'accessibilit\u00e9 s'applique au site web https:\/\/dobico.es\/, \u00e0 l'exclusion du contenu int\u00e9gr\u00e9 provenant d'autres domaines.<\/p>\n\n\n\n<h2 class=\"wp-block-heading\">\u00c9tat de conformit\u00e9<\/h2>\n\n\n\n<p>Ce site web est partiellement conforme au RD 1112\/2018 en raison de la non-conformit\u00e9 des aspects suivants.<\/p>\n\n\n\n<h2 class=\"wp-block-heading\">Contenu non accessible<\/h2>\n\n\n\n<p>Le contenu ci-dessous n'est pas accessible pour les raisons suivantes :<\/p>\n\n\n\n<ul class=\"wp-block-list\">\n<li>Non-conformit\u00e9 :\n<ul class=\"wp-block-list\">\n<li>Un contenu non textuel avec une alternative textuelle inappropri\u00e9e peut exister sur certaines pages - Exigence num\u00e9ro 9.1.1.1 Contenu non textuel de la norme UNE-EN 301549:2020<\/li>\n\n\n\n<li>Il peut y avoir des \u00e9l\u00e9ments avec un contraste insuffisant sur certaines pages - Exigence 9.1.4.3 Contraste UNE-EN 301549:2020<\/li>\n\n\n\n<li>Il peut y avoir des liens dont la fonction ou le but n'est pas correctement d\u00e9fini - Exigence num\u00e9ro 9.2.4.4.4 But des liens de la UNE-EN 301549:2020<\/li>\n\n\n\n<li>Certaines pages web peuvent contenir des erreurs d'\u00e9dition occasionnelles.<\/li>\n<\/ul>\n<\/li>\n\n\n\n<li>Charge disproportionn\u00e9e : sans objet.<\/li>\n\n\n\n<li>Le contenu n'entre pas dans le champ d'application de la l\u00e9gislation applicable.<\/li>\n<\/ul>\n\n\n\n<p>Il se peut que des fichiers bureautiques au format PDF ou dans d'autres formats publi\u00e9s avant le 20 septembre 2018 ne soient pas enti\u00e8rement conformes \u00e0 toutes les exigences en mati\u00e8re d'accessibilit\u00e9.<\/p>\n\n\n\n<p>Il peut y avoir du contenu de tiers qui n'est pas d\u00e9velopp\u00e9 par ou sous le contr\u00f4le de cette unit\u00e9, comme des fichiers de bureautique de diff\u00e9rentes agences qui doivent \u00eatre publi\u00e9s sur ce site.<\/p>","protected":false},"excerpt":{"rendered":"<p>Taberna do Bico SL<\/p>","protected":false},"author":5,"featured_media":2247,"parent":0,"menu_order":0,"comment_status":"closed","ping_status":"closed","template":"","meta":{"slim_seo":{"title":"Pol\u00edtica de Accesibilidad - Do Bico","description":"Taberna do Bico SL"},"footnotes":""},"class_list":["post-40","page","type-page","status-publish","has-post-thumbnail","hentry"],"_links":{"self":[{"href":"https:\/\/dobico.es\/fr\/wp-json\/wp\/v2\/pages\/40","targetHints":{"allow":["GET"]}}],"collection":[{"href":"https:\/\/dobico.es\/fr\/wp-json\/wp\/v2\/pages"}],"about":[{"href":"https:\/\/dobico.es\/fr\/wp-json\/wp\/v2\/types\/page"}],"author":[{"embeddable":true,"href":"https:\/\/dobico.es\/fr\/wp-json\/wp\/v2\/users\/5"}],"replies":[{"embeddable":true,"href":"https:\/\/dobico.es\/fr\/wp-json\/wp\/v2\/comments?post=40"}],"version-history":[{"count":5,"href":"https:\/\/dobico.es\/fr\/wp-json\/wp\/v2\/pages\/40\/revisions"}],"predecessor-version":[{"id":2400,"href":"https:\/\/dobico.es\/fr\/wp-json\/wp\/v2\/pages\/40\/revisions\/2400"}],"wp:featuredmedia":[{"embeddable":true,"href":"https:\/\/dobico.es\/fr\/wp-json\/wp\/v2\/media\/2247"}],"wp:attachment":[{"href":"https:\/\/dobico.es\/fr\/wp-json\/wp\/v2\/media?parent=40"}],"curies":[{"name":"wp","href":"https:\/\/api.w.org\/{rel}","templated":true}]}}